{"id":10,"date":"2020-01-03T13:48:05","date_gmt":"2020-01-03T12:48:05","guid":{"rendered":"http:\/\/www.golf-chanalets.fr\/base\/?page_id=10"},"modified":"2026-02-19T13:02:03","modified_gmt":"2026-02-19T12:02:03","slug":"tarifs","status":"publish","type":"page","link":"https:\/\/www.golf-chanalets.fr\/base\/tarifs\/","title":{"rendered":"Tarifs des cotisations"},"content":{"rendered":"<p>[vc_row fullwidth=\u00a0\u00bbyes\u00a0\u00bb archi_parallax=\u00a0\u00bbyes\u00a0\u00bb css=\u00a0\u00bb.vc_custom_1588772752532{background-image: url(http:\/\/www.golf-chanalets.fr\/base\/wp-content\/uploads\/2020\/05\/FOND-noir-Golf-001.jpg?id=8146) !important;background-position: center !important;background-repeat: no-repeat !important;background-size: cover !important;}\u00a0\u00bb][vc_column animate=\u00a0\u00bbfadeinup\u00a0\u00bb]\t<!-- Element: OT Line solid --> \t \n\t<div class=\" separator\"><span><i class=\"fa fa-circle\"><\/i><\/span><\/div>\n\t<div class=\"spacer-single\"><\/div>\t      \n[vc_row_inner css=\u00a0\u00bb.vc_custom_1588774516774{padding-right: 30px !important;padding-left: 30px !important;}\u00a0\u00bb][vc_column_inner][vc_column_text]<\/p>\n<h2 style=\"text-align: center;\"><span style=\"font-size: 24pt;\"><em><span style=\"text-decoration: underline; font-family: trebuchet ms, geneva, sans-serif; color: #ffcc00;\">Abonnement 1\u00e8re ann\u00e9e:<\/span><\/em><\/span><\/h2>\n<p style=\"text-align: center;\"><em>1\u00e8re ann\u00e9e: <\/em>Ne pas avoir \u00e9t\u00e9 membre du club depuis plus de 2 ann\u00e9es.<\/p>\n<p>&nbsp;<\/p>\n<p style=\"text-align: center;\"><span style=\"font-size: 14pt; font-family: trebuchet ms, geneva, sans-serif;\">Individuel : 1300\u20ac\u00a0\u00a0\u00a0\u00a0 \/\u00a0 \u00a0\u00a0 Couple: 2190\u20ac<\/span><\/p>\n<p>&nbsp;<\/p>\n<p style=\"text-align: center;\"><span style=\"font-size: 14pt; font-family: trebuchet ms, geneva, sans-serif;\">Individuel Membre de l&rsquo;Association Sportive: 1200\u20ac<br \/>\n<\/span><\/p>\n<p style=\"text-align: center;\"><span style=\"font-family: trebuchet ms, geneva, sans-serif; font-size: 14pt;\">Couple Membre de l&rsquo;Association Sportive : 1990\u20ac<\/span><\/p>\n<h2>\u00a0<\/h2>\n<p>[\/vc_column_text]\t<!-- Element: OT Line solid --> \t \n\t<div class=\" separator\"><span><i class=\"fa fa-circle\"><\/i><\/span><\/div>\n\t<div class=\"spacer-single\"><\/div>\t      \n[\/vc_column_inner][vc_column_inner][vc_column_text]<\/p>\n<p style=\"text-align: center;\"><em><span style=\"text-decoration: underline; font-size: 24pt; font-family: trebuchet ms, geneva, sans-serif; color: #ffcc00;\">Renouvellement uniquement: <\/span><\/em><\/p>\n<p>&nbsp;<\/p>\n<p>&nbsp;<\/p>\n<table style=\"height: 341px; width: 100.674%; border-style: solid; border-color: #000000;\" border=\"1\">\n<tbody>\n<tr style=\"height: 26px;\">\n<td style=\"width: 27.949%; height: 26px; text-align: center;\"><span style=\"color: #99cc00; font-size: 18pt; font-family: trebuchet ms, geneva, sans-serif;\">\u00a0<\/span><\/td>\n<td style=\"width: 35.9878%; text-align: center; height: 26px;\" colspan=\"2\"><span style=\"color: #99cc00; font-size: 18pt; font-family: trebuchet ms, geneva, sans-serif;\">Temps Complet<\/span><\/td>\n<td style=\"width: 53.9619%; text-align: center; height: 26px;\" colspan=\"2\">\n<p><span style=\"color: #99cc00; font-size: 18pt; font-family: trebuchet ms, geneva, sans-serif;\">Semainier<\/span><\/p>\n<p><span style=\"font-size: 10pt;\">Hors Week-end et jours f\u00e9ri\u00e9s<\/span><\/p>\n<\/td>\n<\/tr>\n<tr style=\"height: 22px;\">\n<td style=\"width: 27.949%; height: 26px;\">\u00a0<\/td>\n<td style=\"width: 19.2601%; height: 26px; text-align: center;\"><span style=\"color: #99cc00; font-size: 18pt; font-family: trebuchet ms, geneva, sans-serif;\">18 Trous<\/span><\/td>\n<td style=\"width: 16.7277%; height: 26px; text-align: center;\"><span style=\"color: #99cc00; font-size: 18pt; font-family: trebuchet ms, geneva, sans-serif;\">9 Trous<\/span><\/td>\n<td style=\"width: 19.4139%; height: 26px; text-align: center;\"><span style=\"color: #99cc00; font-size: 18pt; font-family: trebuchet ms, geneva, sans-serif;\">18 Trous<\/span><\/td>\n<td style=\"width: 34.548%; height: 26px; text-align: center;\"><span style=\"color: #99cc00; font-size: 18pt; font-family: trebuchet ms, geneva, sans-serif;\">9 Trous<\/span><\/td>\n<\/tr>\n<tr style=\"height: 26px;\">\n<td style=\"width: 27.949%; height: 26px;\"><span style=\"font-size: 14pt; font-family: trebuchet ms, geneva, sans-serif;\">Individuel<\/span><\/td>\n<td style=\"width: 19.2601%; height: 26px; text-align: center;\"><span style=\"font-size: 14pt; font-family: trebuchet ms, geneva, sans-serif;\">1743\u20ac<\/span><\/td>\n<td style=\"width: 16.7277%; height: 26px; text-align: center;\"><span style=\"font-size: 14pt; font-family: trebuchet ms, geneva, sans-serif;\">1352\u20ac<\/span><\/td>\n<td style=\"width: 19.4139%; height: 26px; text-align: center;\"><span style=\"font-size: 14pt; font-family: trebuchet ms, geneva, sans-serif;\">1489\u20ac<\/span><\/td>\n<td style=\"width: 34.548%; height: 26px; text-align: center;\"><span style=\"font-size: 14pt; font-family: trebuchet ms, geneva, sans-serif;\">1176\u20ac<\/span><\/td>\n<\/tr>\n<tr style=\"height: 39px;\">\n<td style=\"width: 27.949%; height: 39px;\"><em><span style=\"font-size: 14pt; font-family: trebuchet ms, geneva, sans-serif;\">Individuel membre AS<br \/>\n<\/span><\/em><\/td>\n<td style=\"width: 19.2601%; text-align: center; height: 39px;\"><em><span style=\"font-size: 14pt; font-family: trebuchet ms, geneva, sans-serif;\">1643\u20ac<br \/>\n<\/span><\/em><\/td>\n<td style=\"width: 16.7277%; text-align: center; height: 39px;\"><em><span style=\"font-size: 14pt; font-family: trebuchet ms, geneva, sans-serif;\">1252\u20ac<br \/>\n<\/span><\/em><\/td>\n<td style=\"width: 19.4139%; text-align: center; height: 39px;\"><em><span style=\"font-size: 14pt; font-family: trebuchet ms, geneva, sans-serif;\">1389\u20ac<br \/>\n<\/span><\/em><\/td>\n<td style=\"width: 34.548%; text-align: center; height: 39px;\"><em><span style=\"font-size: 14pt; font-family: trebuchet ms, geneva, sans-serif;\">1076\u20ac<br \/>\n<\/span><\/em><\/td>\n<\/tr>\n<tr style=\"height: 26px;\">\n<td style=\"width: 27.949%; height: 26px;\"><span style=\"font-size: 14pt; font-family: trebuchet ms, geneva, sans-serif;\">Couple<\/span><\/td>\n<td style=\"width: 19.2601%; height: 26px; text-align: center;\"><span style=\"font-size: 14pt; font-family: trebuchet ms, geneva, sans-serif;\">2684\u20ac<\/span><\/td>\n<td style=\"width: 16.7277%; height: 26px; text-align: center;\"><span style=\"font-size: 14pt; font-family: trebuchet ms, geneva, sans-serif;\">2123\u20ac<\/span><\/td>\n<td style=\"width: 19.4139%; height: 26px; text-align: center;\"><span style=\"font-size: 14pt; font-family: trebuchet ms, geneva, sans-serif;\">2296\u20ac<\/span><\/td>\n<td style=\"width: 34.548%; height: 26px; text-align: center;\"><span style=\"font-size: 14pt; font-family: trebuchet ms, geneva, sans-serif;\">1882\u20ac<\/span><\/td>\n<\/tr>\n<tr style=\"height: 30px;\">\n<td style=\"width: 27.949%; height: 30px;\"><em><span style=\"font-size: 14pt; font-family: trebuchet ms, geneva, sans-serif;\">Couple membre AS<br \/>\n<\/span><\/em><\/td>\n<td style=\"width: 19.2601%; text-align: center; height: 30px;\"><em><span style=\"font-size: 14pt; font-family: trebuchet ms, geneva, sans-serif;\">2584\u20ac<br \/>\n<\/span><\/em><\/td>\n<td style=\"width: 16.7277%; text-align: center; height: 30px;\"><em><span style=\"font-size: 14pt; font-family: trebuchet ms, geneva, sans-serif;\">2023\u20ac<br \/>\n<\/span><\/em><\/td>\n<td style=\"width: 19.4139%; text-align: center; height: 30px;\"><em><span style=\"font-size: 14pt; font-family: trebuchet ms, geneva, sans-serif;\">2196\u20ac<br \/>\n<\/span><\/em><\/td>\n<td style=\"width: 34.548%; text-align: center; height: 30px;\"><em><span style=\"font-size: 14pt; font-family: trebuchet ms, geneva, sans-serif;\">1782\u20ac<br \/>\n<\/span><\/em><\/td>\n<\/tr>\n<tr style=\"height: 26px;\">\n<td style=\"width: 27.949%; height: 26px;\"><span style=\"font-size: 14pt; font-family: trebuchet ms, geneva, sans-serif;\">Jeune (-25 ans)<\/span><\/td>\n<td style=\"width: 19.2601%; height: 26px; text-align: center;\"><span style=\"font-size: 14pt; font-family: trebuchet ms, geneva, sans-serif;\">699\u20ac *<br \/>\n<\/span><\/td>\n<td style=\"width: 16.7277%; height: 26px; text-align: center;\">\u00a0<\/td>\n<td style=\"width: 19.4139%; height: 26px; text-align: center;\">\u00a0<\/td>\n<td style=\"width: 34.548%; height: 26px; text-align: center;\">\u00a0<\/td>\n<\/tr>\n<tr style=\"height: 30px;\">\n<td style=\"width: 27.949%; height: 30px;\"><em><span style=\"font-family: trebuchet ms, geneva, sans-serif; font-size: 14pt;\">Jeune (-25ans) membre AS<br \/>\n<\/span><\/em><\/td>\n<td style=\"width: 19.2601%; text-align: center; height: 30px;\"><em><span style=\"font-size: 14pt; font-family: trebuchet ms, geneva, sans-serif;\">599\u20ac *<br \/>\n<\/span><\/em><\/td>\n<td style=\"width: 16.7277%; text-align: center; height: 30px;\">\u00a0<\/td>\n<td style=\"width: 19.4139%; text-align: center; height: 30px;\">\u00a0<\/td>\n<td style=\"width: 34.548%; text-align: center; height: 30px;\">\u00a0<\/td>\n<\/tr>\n<tr style=\"height: 26px;\">\n<td style=\"width: 27.949%; height: 26px;\"><span style=\"font-size: 14pt; font-family: trebuchet ms, geneva, sans-serif;\">Jour fixe <span style=\"font-size: 10pt;\">(un jour fixe du lundi au vendredi)<\/span><\/span><\/td>\n<td style=\"width: 19.2601%; height: 26px; text-align: center;\">\u00a0<\/td>\n<td style=\"width: 16.7277%; height: 26px; text-align: center;\">\u00a0<\/td>\n<td style=\"width: 19.4139%; height: 26px; text-align: center;\"><span style=\"font-size: 14pt; font-family: trebuchet ms, geneva, sans-serif;\">859\u20ac *<br \/>\n<\/span><\/td>\n<td style=\"width: 34.548%; height: 26px; text-align: center;\"><span style=\"font-size: 14pt; font-family: trebuchet ms, geneva, sans-serif;\">668\u20ac *<br \/>\n<\/span><\/td>\n<\/tr>\n<tr style=\"height: 30px;\">\n<td style=\"width: 27.949%; height: 30px;\"><em><span style=\"font-size: 14pt; font-family: trebuchet ms, geneva, sans-serif;\">Jour fixe membre AS<br \/>\n<\/span><\/em><\/td>\n<td style=\"width: 19.2601%; text-align: center; height: 30px;\">\u00a0<\/td>\n<td style=\"width: 16.7277%; text-align: center; height: 30px;\">\u00a0<\/td>\n<td style=\"width: 19.4139%; text-align: center; height: 30px;\"><em><span style=\"font-size: 14pt; font-family: trebuchet ms, geneva, sans-serif;\">759\u20ac *<br \/>\n<\/span><\/em><\/td>\n<td style=\"width: 34.548%; text-align: center; height: 30px;\"><em><span style=\"font-size: 14pt; font-family: trebuchet ms, geneva, sans-serif;\">568\u20ac *<br \/>\n<\/span><\/em><\/td>\n<\/tr>\n<tr style=\"height: 26px;\">\n<td style=\"width: 27.949%; height: 26px;\"><span style=\"font-size: 14pt; font-family: trebuchet ms, geneva, sans-serif;\">Compact<\/span><\/td>\n<td style=\"width: 19.2601%; height: 26px; text-align: center;\"><span style=\"font-size: 14pt; font-family: trebuchet ms, geneva, sans-serif;\">336\u20ac *<br \/>\n<\/span><\/td>\n<td style=\"width: 16.7277%; height: 26px; text-align: center;\">\u00a0<\/td>\n<td style=\"width: 19.4139%; height: 26px; text-align: center;\">\u00a0<\/td>\n<td style=\"width: 34.548%; height: 26px; text-align: center;\">\u00a0<\/td>\n<\/tr>\n<tr style=\"height: 30px;\">\n<td style=\"width: 27.949%; height: 30px;\"><em><span style=\"font-size: 14pt; font-family: trebuchet ms, geneva, sans-serif;\">Compact membre AS<br \/>\n<\/span><\/em><\/td>\n<td style=\"width: 19.2601%; text-align: center; height: 30px;\"><em><span style=\"font-size: 14pt; font-family: trebuchet ms, geneva, sans-serif;\">236\u20ac *<br \/>\n<\/span><\/em><\/td>\n<td style=\"width: 16.7277%; text-align: center; height: 30px;\">\u00a0<\/td>\n<td style=\"width: 19.4139%; text-align: center; height: 30px;\">\u00a0<\/td>\n<td style=\"width: 34.548%; text-align: center; height: 30px;\">\u00a0<\/td>\n<\/tr>\n<\/tbody>\n<\/table>\n<ul>\n<li style=\"text-align: center;\"><span style=\"font-size: 14pt; font-family: trebuchet ms, geneva, sans-serif;\">* Cotisations n&rsquo;incluant pas la carte LeClub Gold.<\/span><\/li>\n<li style=\"text-align: center;\"><span style=\"font-size: 10pt;\">Plus de nouvelles cotisations semainiers, ni de cotisation 9 trous<\/span><\/li>\n<\/ul>\n<p>&nbsp;<\/p>\n<p style=\"text-align: center;\"><span style=\"text-decoration: underline; font-family: trebuchet ms, geneva, sans-serif; font-size: 14pt; color: #ffcc00;\"><em>Conditions particuli\u00e8res abonnement 9 trous:<\/em><\/span><\/p>\n<p style=\"text-align: center;\"><span style=\"font-size: 14pt; font-family: trebuchet ms, geneva, sans-serif;\">D\u00e9part du trou n\u00b01 uniquement.<\/span><\/p>\n<p style=\"text-align: center;\"><span style=\"font-size: 14pt; font-family: trebuchet ms, geneva, sans-serif;\">Compl\u00e9ment pour jouer les trous 10 \u00e0 18 : 22 \u20ac.<\/span><\/p>\n<p>&nbsp;<\/p>\n<p>[\/vc_column_text][\/vc_column_inner][\/vc_row_inner][\/vc_column][vc_column][\/vc_column][\/vc_row][vc_row][vc_column]\t<!-- Element: OT Line solid --> \t \n\t<div class=\" separator\"><span><i class=\"fa fa-circle\"><\/i><\/span><\/div>\n\t<div class=\"spacer-single\"><\/div>\t      \n[vc_single_image image=\u00a0\u00bb8174&Prime; img_size=\u00a0\u00bblarge\u00a0\u00bb][\/vc_column][\/vc_row]<\/p>\n","protected":false},"excerpt":{"rendered":"<p>[vc_row fullwidth=\u00a0\u00bbyes\u00a0\u00bb archi_parallax=\u00a0\u00bbyes\u00a0\u00bb css=\u00a0\u00bb.vc_custom_1588772752532{background-image: url(http:\/\/www.golf-chanalets.fr\/base\/wp-content\/uploads\/2020\/05\/FOND-noir-Golf-001.jpg?id=8146) !important;background-position: center !important;background-repeat: no-repeat !important;background-size: cover !important;}\u00a0\u00bb][vc_column animate=\u00a0\u00bbfadeinup\u00a0\u00bb][vc_row_inner css=\u00a0\u00bb.vc_custom_1588774516774{padding-right: 30px !important;padding-left: 30px !important;}\u00a0\u00bb][vc_column_inner][vc_column_text] Abonnement 1\u00e8re ann\u00e9e: 1\u00e8re ann\u00e9e: Ne pas avoir \u00e9t\u00e9 membre du club depuis plus de 2 ann\u00e9es. &nbsp; Individuel : 1300\u20ac\u00a0\u00a0\u00a0\u00a0 \/\u00a0 \u00a0\u00a0 Couple: 2190\u20ac &nbsp; Individuel Membre de l&rsquo;Association Sportive: 1200\u20ac Couple Membre de l&rsquo;Association Sportive [&hellip;]<\/p>\n","protected":false},"author":1,"featured_media":6668,"parent":0,"menu_order":6,"comment_status":"closed","ping_status":"closed","template":"","meta":{"footnotes":""},"aioseo_notices":[],"_links":{"self":[{"href":"https:\/\/www.golf-chanalets.fr\/base\/wp-json\/wp\/v2\/pages\/10"}],"collection":[{"href":"https:\/\/www.golf-chanalets.fr\/base\/wp-json\/wp\/v2\/pages"}],"about":[{"href":"https:\/\/www.golf-chanalets.fr\/base\/wp-json\/wp\/v2\/types\/page"}],"author":[{"embeddable":true,"href":"https:\/\/www.golf-chanalets.fr\/base\/wp-json\/wp\/v2\/users\/1"}],"replies":[{"embeddable":true,"href":"https:\/\/www.golf-chanalets.fr\/base\/wp-json\/wp\/v2\/comments?post=10"}],"version-history":[{"count":128,"href":"https:\/\/www.golf-chanalets.fr\/base\/wp-json\/wp\/v2\/pages\/10\/revisions"}],"predecessor-version":[{"id":14275,"href":"https:\/\/www.golf-chanalets.fr\/base\/wp-json\/wp\/v2\/pages\/10\/revisions\/14275"}],"wp:featuredmedia":[{"embeddable":true,"href":"https:\/\/www.golf-chanalets.fr\/base\/wp-json\/wp\/v2\/media\/6668"}],"wp:attachment":[{"href":"https:\/\/www.golf-chanalets.fr\/base\/wp-json\/wp\/v2\/media?parent=10"}],"curies":[{"name":"wp","href":"https:\/\/api.w.org\/{rel}","templated":true}]}}