{"id":100,"date":"2020-11-28T13:30:29","date_gmt":"2020-11-28T12:30:29","guid":{"rendered":"http:\/\/www.golf-chanalets.fr\/base\/?page_id=100"},"modified":"2025-11-04T17:39:44","modified_gmt":"2025-11-04T16:39:44","slug":"ecole-de-golf","status":"publish","type":"page","link":"https:\/\/www.golf-chanalets.fr\/base\/ecole-de-golf\/","title":{"rendered":"ECOLE DE GOLF"},"content":{"rendered":"<p>[vc_row css=&#8221;.vc_custom_1588864371021{padding-bottom: 0px !important;}&#8221;][vc_column][vc_gallery type=&#8221;flexslider_slide&#8221; interval=&#8221;3&#8243; images=&#8221;8247,8246,8244,8245,8240,8241&#8243; img_size=&#8221;large&#8221;][\/vc_column][\/vc_row][vc_row fullwidth=&#8221;yes&#8221; archi_parallax=&#8221;yes&#8221; css=&#8221;.vc_custom_1588783910073{padding-right: 30px !important;padding-left: 30px !important;background-image: url(http:\/\/www.golf-chanalets.fr\/base\/wp-content\/uploads\/2020\/05\/FOND-noir-Golf-001.jpg?id=8146) !important;background-position: center !important;background-repeat: no-repeat !important;background-size: cover !important;}&#8221;][vc_column animate=&#8221;fadeinup&#8221;]\t<!-- Element: OT Line solid --> \t \n\t<div class=\" separator\"><span><i class=\"fa fa-circle\"><\/i><\/span><\/div>\n\t<div class=\"spacer-single\"><\/div>\t      \n[vc_column_text]<\/p>\n<h3 style=\"text-align: center;\"><span style=\"font-size: 18pt;\"><span style=\"color: #99cc00;\">Golf Des Chanalets<\/span><br \/>\n<\/span><\/h3>\n<h2 style=\"text-align: center;\"><span style=\"font-size: 36pt;\"><span style=\"font-family: 'trebuchet ms', geneva, sans-serif;\">\u00c9cole de Golf<\/span><br \/>\n<\/span><\/h2>\n<p>[\/vc_column_text][vc_column_text css_animation=&#8221;fadeIn&#8221;]<\/p>\n<h3 class=\"Corps\" style=\"text-align: center;\" align=\"center\"><span style=\"font-family: 'trebuchet ms', geneva, sans-serif;\">Du sportif et du plaisir avant tout dans une ambiance ludique et conviviale.<\/span><\/h3>\n<p>&nbsp;<\/p>\n<p style=\"text-align: justify;\"><span style=\"font-family: 'trebuchet ms', geneva, sans-serif;\">L\u2019\u00c9cole de Golf des Chanalets, labellis\u00e9e par la F\u00e9d\u00e9ration Fran\u00e7aise de Golf depuis d\u00e9cembre 2018 accueille pr\u00e8s de 65 enfants de 5 \u00e0 18 ans et vous propose 26 s\u00e9ances de cours du mois de septembre au mois de juin pendant les p\u00e9riodes scolaires.<\/span><\/p>\n<p style=\"text-align: justify;\"><span style=\"font-family: 'trebuchet ms', geneva, sans-serif;\">L\u2019\u00c9cole de golf des Chanalets, c\u2019est :<\/span><\/p>\n<ul>\n<li><span style=\"font-family: 'trebuchet ms', geneva, sans-serif;\">3 enseignants dipl\u00f4m\u00e9s d\u2019\u00e9tat assist\u00e9s d&#8217;Animateurs Sportifs B\u00e9n\u00e9voles de Clubs (ASBC).<\/span><\/li>\n<li><span style=\"font-family: 'trebuchet ms', geneva, sans-serif;\">9 groupes d&#8217;enfants constitu\u00e9s en fonction de l\u2019\u00e2ge et du niveau.<\/span><\/li>\n<li><span style=\"font-family: 'trebuchet ms', geneva, sans-serif;\">Pr\u00eat du mat\u00e9riel pendant et en dehors des cours la premi\u00e8re ann\u00e9e.<\/span><\/li>\n<li><span style=\"font-family: 'trebuchet ms', geneva, sans-serif;\">Des comp\u00e9titions \u00e9cole de golf, journ\u00e9es de parrainage \u00ab j\u2019invite un pote et une copine \u00bb,\u2026etc<\/span><\/li>\n<li><span style=\"font-family: 'trebuchet ms', geneva, sans-serif;\">Un acc\u00e8s illimit\u00e9 toute l\u2019ann\u00e9e \u00e0 toutes les infrastructures du club, parcours compact et 18 trous avec des d\u00e9parts adapt\u00e9s \u00e0 l\u2019\u00e2ge et au niveau des enfants.<\/span><\/li>\n<li><span style=\"font-family: 'trebuchet ms', geneva, sans-serif;\">Une carte de 10 jetons de practice pour l\u2019entra\u00eenement personnel en dehors des cours.<\/span><\/li>\n<\/ul>\n<h3 style=\"text-align: center;\"><span style=\"font-family: 'trebuchet ms', geneva, sans-serif;\">Une h\u00e9sitation, 2 s\u00e9ances d\u2019essai vous seront propos\u00e9es.<\/span><\/h3>\n<p>&nbsp;<\/p>\n<p><span style=\"font-size: 18pt;\"><em><span style=\"text-decoration: underline;\"><span style=\"color: #00ff00; text-decoration: underline;\"><a href=\"https:\/\/www.golf-chanalets.fr\/base\/wp-content\/uploads\/2024\/11\/Reglement-EDG-Chanalets-2024-2025.pdf\"><span style=\"color: #00ff00;\">R\u00e8glement EDG Chanalets<\/span><\/a><\/span><\/span><\/em><\/span><\/p>\n<p>[\/vc_column_text]\t<!-- Element: OT Line solid --> \t \n\t<div class=\" separator\"><span><i class=\"fa fa-circle\"><\/i><\/span><\/div>\n\t<div class=\"spacer-single\"><\/div>\t      \n[\/vc_column][\/vc_row][vc_row][vc_column width=&#8221;1\/3&#8243;][vc_column_text css_animation=&#8221;bounceInLeft&#8221; css=&#8221;.vc_custom_1762274074374{border-top-width: 1px !important;border-right-width: 1px !important;border-bottom-width: 1px !important;border-left-width: 1px !important;padding-top: 20px !important;padding-right: 20px !important;padding-bottom: 20px !important;padding-left: 20px !important;background-image: url(http:\/\/www.golf-chanalets.fr\/base\/wp-content\/uploads\/2020\/05\/FOND-noir-Golf-001.jpg?id=8146) !important;background-position: center !important;background-repeat: no-repeat !important;background-size: cover !important;border-left-color: #494949 !important;border-left-style: solid !important;border-right-color: #494949 !important;border-right-style: solid !important;border-top-color: #494949 !important;border-top-style: solid !important;border-bottom-color: #494949 !important;border-bottom-style: solid !important;border-radius: 10px !important;}&#8221;]<\/p>\n<p style=\"text-align: center;\"><span style=\"text-decoration: underline; font-family: courier new, courier, monospace; color: #ccffcc;\"><strong><span style=\"font-size: 14pt;\"><em>Cours du mercredi <\/em><\/span><\/strong><\/span><\/p>\n<p style=\"text-align: center;\"><span style=\"text-decoration: underline; font-family: courier new, courier, monospace; color: #ccffcc;\"><strong><span style=\"font-size: 14pt;\"><em>2025 <\/em><em>&#8211; 20<\/em><em>26<\/em><\/span><\/strong><\/span><\/p>\n<p>&nbsp;<\/p>\n<p style=\"text-align: center;\"><span style=\"font-family: courier new, courier, monospace; font-size: 14pt;\"><u>26 S<\/u><u>\u00e9ances<\/u><u>\u00a0:<\/u><\/span><\/p>\n<p>&nbsp;<\/p>\n<p style=\"text-align: center;\"><span style=\"font-family: courier new, courier, monospace; font-size: 14pt;\">17 &#8211; 24 Septembre<\/span><\/p>\n<p style=\"text-align: center;\"><span style=\"font-family: courier new, courier, monospace; font-size: 14pt;\">1 &#8211; 8 &#8211; 15 Octobre<\/span><\/p>\n<p style=\"text-align: center;\"><span style=\"font-family: courier new, courier, monospace; font-size: 14pt;\">\u00a05 &#8211; 12 &#8211; 19 &#8211; 26 Novembre<\/span><\/p>\n<p style=\"text-align: center;\"><span style=\"font-family: courier new, courier, monospace; font-size: 14pt;\">3 &#8211; 10 &#8211; 17 D\u00e9cembre<\/span><\/p>\n<p>&nbsp;<\/p>\n<p style=\"text-align: center;\"><strong><span style=\"text-decoration: underline; color: #ff0000;\"><span style=\"font-family: courier new, courier, monospace;\"><span style=\"font-size: 14pt;\">Pas de cours en Janvier<\/span><\/span><\/span><\/strong><\/p>\n<p>&nbsp;<\/p>\n<p style=\"text-align: center;\"><span style=\"font-family: courier new, courier, monospace; font-size: 14pt;\">25 F\u00e9vrier<\/span><\/p>\n<p style=\"text-align: center;\"><span style=\"font-family: courier new, courier, monospace; font-size: 14pt;\">\u00a04 &#8211; 11 &#8211; 18 &#8211; 25 Mars<\/span><\/p>\n<p style=\"text-align: center;\"><span style=\"font-family: courier new, courier, monospace; font-size: 14pt;\">1 &#8211; 22 &#8211; 29 Avril<\/span><\/p>\n<p style=\"text-align: center;\"><span style=\"font-family: courier new, courier, monospace;\"><span style=\"font-size: 14pt;\">6 &#8211; 20 &#8211; 27<\/span><span style=\"font-size: 14pt;\"> Mai<\/span><\/span><\/p>\n<p style=\"text-align: center;\"><span style=\"font-family: courier new, courier, monospace; font-size: 14pt;\">3 &#8211; 10 &#8211; 17 Juin<\/span><\/p>\n<p>[\/vc_column_text][\/vc_column][vc_column width=&#8221;1\/3&#8243;][vc_column_text css_animation=&#8221;bounceInDown&#8221; css=&#8221;.vc_custom_1762273991331{border-top-width: 1px !important;border-right-width: 1px !important;border-bottom-width: 1px !important;border-left-width: 1px !important;padding-top: 20px !important;padding-right: 20px !important;padding-bottom: 20px !important;padding-left: 20px !important;background-image: url(http:\/\/www.golf-chanalets.fr\/base\/wp-content\/uploads\/2020\/05\/FOND-noir-Golf-001.jpg?id=8146) !important;background-position: center !important;background-repeat: no-repeat !important;background-size: cover !important;border-left-color: #494949 !important;border-left-style: solid !important;border-right-color: #494949 !important;border-right-style: solid !important;border-top-color: #494949 !important;border-top-style: solid !important;border-bottom-color: #494949 !important;border-bottom-style: solid !important;border-radius: 10px !important;}&#8221;]<\/p>\n<p style=\"text-align: center;\"><span style=\"font-family: courier new, courier, monospace; color: #ccffcc; font-size: 14pt;\"><strong><span style=\"text-decoration: underline;\"><em>Cours du Samedi <\/em><\/span><\/strong><\/span><\/p>\n<p style=\"text-align: center;\"><span style=\"font-family: courier new, courier, monospace; color: #ccffcc; font-size: 14pt;\"><strong><span style=\"text-decoration: underline;\"><em>2025 <\/em><em>&#8211; 20<\/em><em>26<\/em><\/span><\/strong><\/span><\/p>\n<p>&nbsp;<\/p>\n<p style=\"text-align: center;\"><span style=\"font-family: courier new, courier, monospace; font-size: 14pt;\"><u>26 S<\/u><u>\u00e9ances<\/u><u>\u00a0:<\/u><\/span><\/p>\n<p>&nbsp;<\/p>\n<p style=\"text-align: center;\"><span style=\"font-family: courier new, courier, monospace; font-size: 14pt;\">20 &#8211; 27 Septembre<\/span><\/p>\n<p style=\"text-align: center;\"><span style=\"font-family: courier new, courier, monospace; font-size: 14pt;\">4 &#8211; 11 &#8211; 18 Octobre<\/span><\/p>\n<p style=\"text-align: center;\"><span style=\"font-family: courier new, courier, monospace; font-size: 14pt;\">8 &#8211; 15 &#8211; 22 &#8211; 29 Novembre<\/span><\/p>\n<p style=\"text-align: center;\"><span style=\"font-family: courier new, courier, monospace; font-size: 14pt;\">6 &#8211; 13 &#8211; 20 D\u00e9cembre<\/span><\/p>\n<p>&nbsp;<\/p>\n<p style=\"text-align: center;\"><span style=\"font-size: 14pt; font-family: courier new, courier, monospace;\"><strong><span style=\"text-decoration: underline; color: #ff0000;\">Pas de cours en Janvier<\/span><\/strong><\/span><\/p>\n<p>&nbsp;<\/p>\n<p style=\"text-align: center;\"><span style=\"font-family: courier new, courier, monospace; font-size: 14pt;\">28 F\u00e9vrier<\/span><\/p>\n<p style=\"text-align: center;\"><span style=\"font-family: courier new, courier, monospace; font-size: 14pt;\">7 &#8211; 14 &#8211; 21 &#8211; 28 Mars<\/span><\/p>\n<p style=\"text-align: center;\"><span style=\"font-family: courier new, courier, monospace; font-size: 14pt;\">4 &#8211; 25 Avril<\/span><\/p>\n<p style=\"text-align: center;\"><span style=\"font-family: courier new, courier, monospace; font-size: 14pt;\">2 &#8211; 9 &#8211; 23 &#8211; 30 Mai<\/span><\/p>\n<p style=\"text-align: center;\"><span style=\"font-family: courier new, courier, monospace; font-size: 14pt;\">6 &#8211; 13 &#8211; 20 Juin<\/span><\/p>\n<p>[\/vc_column_text][\/vc_column][vc_column width=&#8221;1\/3&#8243;][vc_column_text css_animation=&#8221;bounceInRight&#8221; css=&#8221;.vc_custom_1762274314322{border-top-width: 1px !important;border-right-width: 1px !important;border-bottom-width: 1px !important;border-left-width: 1px !important;padding-top: 20px !important;padding-right: 20px !important;padding-bottom: 20px !important;padding-left: 20px !important;background-position: center !important;background-repeat: no-repeat !important;background-size: cover !important;border-left-color: #494949 !important;border-left-style: solid !important;border-right-color: #494949 !important;border-right-style: solid !important;border-top-color: #494949 !important;border-top-style: solid !important;border-bottom-color: #494949 !important;border-bottom-style: solid !important;border-radius: 10px !important;}&#8221;]<\/p>\n<p style=\"text-align: center;\"><span style=\"text-decoration: underline; font-family: courier new, courier, monospace; font-size: 14pt; color: #ccffcc;\">Cours du Samedi &#8211; BABY GOLF<\/span><\/p>\n<p style=\"text-align: center;\"><span style=\"text-decoration: underline; font-family: courier new, courier, monospace; font-size: 14pt; color: #ccffcc;\">2025\/2026<\/span><\/p>\n<p>&nbsp;<\/p>\n<p style=\"text-align: center;\"><span style=\"text-decoration: underline; font-family: courier new, courier, monospace; font-size: 14pt; color: #000000;\">20 S\u00e9ances :<\/span><\/p>\n<p>&nbsp;<\/p>\n<p style=\"text-align: center;\"><span style=\"font-size: 14pt; font-family: courier new, courier, monospace;\">20 &#8211; 27 Septembre<\/span><\/p>\n<p style=\"text-align: center;\"><span style=\"font-size: 14pt; font-family: courier new, courier, monospace;\">4 &#8211; 11 &#8211; 18 Octobre<\/span><\/p>\n<p style=\"text-align: center;\"><span style=\"font-size: 14pt; font-family: courier new, courier, monospace;\">8 &#8211; 15 &#8211; 22 &#8211; 29 Novembre<\/span><\/p>\n<p>&nbsp;<\/p>\n<p style=\"text-align: center;\"><span style=\"font-size: 14pt; font-family: courier new, courier, monospace; color: #ff0000;\"><strong><span style=\"text-decoration: underline;\">Pas de cours en d\u00e9cembre, janvier et f\u00e9vrier<\/span><\/strong><\/span><\/p>\n<p>&nbsp;<\/p>\n<p style=\"text-align: center;\"><span style=\"font-size: 14pt; font-family: courier new, courier, monospace; color: #000000;\"><span style=\"text-decoration: underline;\"><br \/>\n<\/span> <\/span><span style=\"font-size: 14pt; font-family: courier new, courier, monospace;\">7 &#8211; 14 &#8211; 21 &#8211; 28 Mars<\/span><\/p>\n<p style=\"text-align: center;\"><span style=\"font-size: 14pt; font-family: courier new, courier, monospace;\">4 &#8211; 25 Avril<\/span><\/p>\n<p style=\"text-align: center;\"><span style=\"font-size: 14pt; font-family: courier new, courier, monospace;\">23 &#8211; 30 Mai<\/span><\/p>\n<p style=\"text-align: center;\"><span style=\"font-size: 14pt; font-family: courier new, courier, monospace;\"><span style=\"font-size: 14pt;\">6 &#8211; 13 &#8211; 20 Juin<\/span> <\/span><\/p>\n<p>[\/vc_column_text][\/vc_column][\/vc_row][vc_row][vc_column][vc_column_text]<\/p>\n<div dir=\"ltr\">\n<p>Les Animateurs Sportifs B\u00e9n\u00e9voles du Club (A.S.B.C) sont des membres de l&#8217;Association Sportive, dipl\u00f4m\u00e9s FFGolf qui consacrent une partie de leur temps golfique aupr\u00e8s des jeunes. L&#8217;A.S.B.C exerce ses missions sous la responsabilit\u00e9 du pr\u00e9sident du club et sous l&#8217;autorit\u00e9 p\u00e9dagogique de l&#8217;\u00e9ducateur sportif professionnel (Pro). Il participe \u00e0 la partie administrative, \u00e0 la logistique et \u00e0 l&#8217;animation de l\u2019\u00c9cole De Golf.<\/p>\n<\/div>\n<div dir=\"ltr\">\n<p>Nos A.S.B.C du Golf des Chanalets ont pour mission :<\/p>\n<ul>\n<li>d&#8217;assister les pros pendant les cours (\u00e9chauffements, mise en s\u00e9curit\u00e9 des jeunes, animation des s\u00e9quences de jeu);<\/li>\n<li>de suivre les parties lors des passages de drapeaux, des comp\u00e9titions internes et des comp\u00e9titions officielles;<\/li>\n<li>d&#8217;alimenter et de faire vivre les tableaux de l\u2019\u00c9cole de Golf en accord avec la Commission Jeunes.<\/li>\n<\/ul>\n<\/div>\n<p>[\/vc_column_text][\/vc_column][\/vc_row]<\/p>\n","protected":false},"excerpt":{"rendered":"<p>[vc_row css=&#8221;.vc_custom_1588864371021{padding-bottom: 0px !important;}&#8221;][vc_column][vc_gallery type=&#8221;flexslider_slide&#8221; interval=&#8221;3&#8243; images=&#8221;8247,8246,8244,8245,8240,8241&#8243; img_size=&#8221;large&#8221;][\/vc_column][\/vc_row][vc_row fullwidth=&#8221;yes&#8221; archi_parallax=&#8221;yes&#8221; css=&#8221;.vc_custom_1588783910073{padding-right: 30px !important;padding-left: 30px !important;background-image: url(http:\/\/www.golf-chanalets.fr\/base\/wp-content\/uploads\/2020\/05\/FOND-noir-Golf-001.jpg?id=8146) !important;background-position: center !important;background-repeat: no-repeat !important;background-size: cover !important;}&#8221;][vc_column animate=&#8221;fadeinup&#8221;][vc_column_text] Golf Des Chanalets \u00c9cole de Golf [\/vc_column_text][vc_column_text css_animation=&#8221;fadeIn&#8221;] Du sportif et du plaisir avant tout dans une ambiance ludique et conviviale. &nbsp; L\u2019\u00c9cole de Golf des Chanalets, labellis\u00e9e par la F\u00e9d\u00e9ration [&hellip;]<\/p>\n","protected":false},"author":1,"featured_media":0,"parent":0,"menu_order":3,"comment_status":"closed","ping_status":"closed","template":"","meta":{"footnotes":""},"aioseo_notices":[],"_links":{"self":[{"href":"https:\/\/www.golf-chanalets.fr\/base\/wp-json\/wp\/v2\/pages\/100"}],"collection":[{"href":"https:\/\/www.golf-chanalets.fr\/base\/wp-json\/wp\/v2\/pages"}],"about":[{"href":"https:\/\/www.golf-chanalets.fr\/base\/wp-json\/wp\/v2\/types\/page"}],"author":[{"embeddable":true,"href":"https:\/\/www.golf-chanalets.fr\/base\/wp-json\/wp\/v2\/users\/1"}],"replies":[{"embeddable":true,"href":"https:\/\/www.golf-chanalets.fr\/base\/wp-json\/wp\/v2\/comments?post=100"}],"version-history":[{"count":66,"href":"https:\/\/www.golf-chanalets.fr\/base\/wp-json\/wp\/v2\/pages\/100\/revisions"}],"predecessor-version":[{"id":14137,"href":"https:\/\/www.golf-chanalets.fr\/base\/wp-json\/wp\/v2\/pages\/100\/revisions\/14137"}],"wp:attachment":[{"href":"https:\/\/www.golf-chanalets.fr\/base\/wp-json\/wp\/v2\/media?parent=100"}],"curies":[{"name":"wp","href":"https:\/\/api.w.org\/{rel}","templated":true}]}}