{"id":102,"date":"2010-09-22T19:58:03","date_gmt":"2010-09-22T19:58:03","guid":{"rendered":"http:\/\/www.golf-chanalets.fr\/base\/?page_id=102"},"modified":"2026-03-31T15:23:26","modified_gmt":"2026-03-31T13:23:26","slug":"debuter-au-golf","status":"publish","type":"page","link":"https:\/\/www.golf-chanalets.fr\/base\/debuter-au-golf\/","title":{"rendered":"Enseignement"},"content":{"rendered":"<p>[vc_row][vc_column][\/vc_column][\/vc_row][vc_row][vc_column][vc_column_text css_animation=&#8221;fadeIn&#8221;]<\/p>\n<h3 style=\"text-align: center;\"><span style=\"font-size: 18pt;\"><span style=\"color: #99cc00; font-size: 24pt;\">Golf Des Chanalets<\/span><br \/>\n<\/span><\/h3>\n<h2 style=\"text-align: center;\"><span style=\"font-size: 36pt;\">Initiations Gratuites<\/span><\/h2>\n<h3 style=\"text-align: center;\"><span style=\"font-size: 18pt;\">OSEZ D\u00c9COUVRIR LE GOLF AUX PORTES DE VALENCE<\/span><\/h3>\n<p style=\"text-align: center;\">Le golf des Chanalets et son \u00e9quipe vous accueillent<\/p>\n<p>&nbsp;<\/p>\n<p style=\"text-align: center;\"><em><u>Les dimanches\u00a0:<\/u><\/em><\/p>\n<p>&nbsp;<\/p>\n<p style=\"text-align: center;\">&#8211; 05\/04<\/p>\n<p style=\"text-align: center;\">&#8211; 19\/04<\/p>\n<p style=\"text-align: center;\">&#8211; 26\/04<\/p>\n<p style=\"text-align: center;\">&#8211; 03\/05<\/p>\n<p style=\"text-align: center;\">&#8211; 17\/05<\/p>\n<p style=\"text-align: center;\">&#8211; 24\/05<\/p>\n<p>&nbsp;<\/p>\n<p style=\"text-align: center;\"><strong>Initiation gratuite<\/strong> au golf, suivie d\u2019une collation \u00e0 l\u2019accueil.<\/p>\n<p>&nbsp;<\/p>\n<p style=\"text-align: center;\">Apr\u00e8s 1h30 d&#8217;initiation encadr\u00e9 d&#8217;un professionnel du golf, vous pourrez revenir par vous m\u00eame et am\u00e9liorer votre geste au practice et sur les aires d&#8217;entrainements.<\/p>\n<p style=\"text-align: center;\">Destin\u00e9 aux non &#8211; licenci\u00e9s, jeune et adulte<\/p>\n<p>&nbsp;<\/p>\n<p style=\"text-align: center;\"><strong><em><u><span style=\"color: #ff0000;\">Inscriptions obligatoires<\/span> <\/u><\/em><\/strong><\/p>\n<p style=\"text-align: center;\"><em>Au club house ou par t\u00e9l\u00e9phone au 04 75 83 16 23<\/em><\/p>\n<p>[\/vc_column_text][vc_column_text css_animation=&#8221;fadeIn&#8221;]<\/p>\n<h2>\u00a0<\/h2>\n<h2 style=\"text-align: center;\"><span style=\"color: #99cc00;\">TARIFS INITIATIONS GROUPES<\/span><\/h2>\n<p>&nbsp;<\/p>\n<p style=\"text-align: center;\">\u00a0L\u2019initiation comprend les honoraires de l\u2019enseignant, les balles de practice, le pr\u00eat du mat\u00e9riel, l\u2019acc\u00e8s aux installations et au compact.<\/p>\n<p style=\"text-align: center;\"><span style=\"text-decoration: underline;\"><em>\u00a0Pour un groupe de 10 personnes maximum avec un enseignant:<\/em><\/span><\/p>\n<p style=\"text-align: center;\">210\u20ac TTC \/ heure<\/p>\n<p>[\/vc_column_text][\/vc_column][\/vc_row][vc_row][vc_column]\t<!-- Element: OT Line solid --> \t \n\t<div class=\" separator\"><span><i class=\"fa fa-circle\"><\/i><\/span><\/div>\n\t<div class=\"spacer-single\"><\/div>\t      \n[vc_column_text css_animation=&#8221;fadeIn&#8221;]<\/p>\n<h3 style=\"text-align: center;\"><span style=\"font-size: 18pt;\"><span style=\"color: #99cc00; font-size: 24pt;\"><strong><span style=\"color: #ff0000;\">Comment obtenir la<\/span><\/strong> <strong>&#8221; Carte Verte &#8220;<\/strong><\/span><\/span><\/h3>\n<p>&nbsp;<\/p>\n<p>[\/vc_column_text][\/vc_column][\/vc_row][vc_row][vc_column][\/vc_column][vc_column][vc_column_text css_animation=&#8221;fadeIn&#8221;]<\/p>\n<h2 style=\"text-align: center;\">Optez pour le <span style=\"font-size: 24pt;\"><em><span style=\"color: #99cc00;\">&#8220;PASS DECOUVERTE&#8221;<\/span><\/em><\/span><\/h2>\n<h2 style=\"text-align: center;\"><span style=\"font-size: 24pt;\"><span style=\"color: #99cc00;\">99 \u20ac par mois<\/span><\/span><\/h2>\n<p style=\"text-align: center;\"><u>Cours collectif de 8 personnes maximum<\/u><\/p>\n<p>&nbsp;<\/p>\n<h2 style=\"text-align: center;\">Pour les joueurs non licenci\u00e9s et non class\u00e9s\u00a0 (12 mois maximum)<\/h2>\n<p>&nbsp;<\/p>\n<p style=\"text-align: center;\">Renseignements \u00e0 l\u2019accueil sur les heures et le niveau des groupes.<\/p>\n<p style=\"text-align: center;\">Balles de practice incluses durant les cours<\/p>\n<p style=\"text-align: center;\">Acc\u00e8s au\u00a0<strong>putting green<\/strong>\u00a0et aux\u00a0<strong>zones d\u2019approche<\/strong><\/p>\n<p style=\"text-align: center;\"><strong>Acc\u00e8s \u00e0 volont\u00e9<\/strong> au parcours Compact : 4 trous<\/p>\n<p style=\"text-align: center;\">\u00c9valuation du niveau de jeu, des r\u00e8gles et de l\u2019\u00e9tiquette, pour l\u2019acc\u00e8s au parcours 18 trous apr\u00e8s autorisation de l\u2019enseignant, souscription \u00e0 la licence FFG.<\/p>\n<p style=\"text-align: center;\"><strong>Validation de la <span style=\"color: #339966;\">Carte Verte<\/span><\/strong> par notre enseignant de golf (\u00e9quivalent du permis de golf)<\/p>\n<p style=\"text-align: center;\"><strong>Sac + clubs (1\/2 s\u00e9rie) compris<\/strong> si engagement 12 mois de Pass D\u00e9couverte<\/p>\n<p style=\"text-align: center;\">Invitation aux\u00a0<strong>animations et comp\u00e9titions du Programme Golf D\u00e9couverte<\/strong><\/p>\n<p style=\"text-align: center;\">Possibilit\u00e9 d&#8217;un engagement de 6 mois, renouvelable 1 fois.<\/p>\n<p>[\/vc_column_text]\t<!-- Element: OT Line solid --> \t \n\t<div class=\" separator\"><span><i class=\"fa fa-circle\"><\/i><\/span><\/div>\n\t<div class=\"spacer-single\"><\/div>\t      \n[vc_row_inner][vc_column_inner][vc_column_text]<\/p>\n<p style=\"text-align: center;\"><span style=\"font-size: 24pt;\"><span style=\"color: #3366ff; font-family: arial, helvetica, sans-serif;\">D\u00e9couvrez nos 2 nouvelles offres d&#8217;enseignement en <\/span><span style=\"color: #ff0000;\">COURS ILLIMITES<\/span><\/span><\/p>\n<p>[\/vc_column_text][\/vc_column_inner][\/vc_row_inner][vc_column_text css_animation=&#8221;fadeIn&#8221;]<\/p>\n<h2 style=\"text-align: center;\"><span style=\"text-decoration: underline;\"><em><span style=\"font-size: 24pt;\"><span style=\"color: #99cc00; text-decoration: underline;\">Formule PROGRESSION<\/span><\/span><\/em><\/span><\/h2>\n<p style=\"text-align: center;\"><span style=\"text-decoration: underline; font-size: 14pt;\">Index sup\u00e9rieur \u00e0 20.4<\/span><\/p>\n<h2 style=\"text-align: center;\"><span style=\"font-size: 24pt; color: #3366ff;\">59 \u20ac par mois<\/span><\/h2>\n<p>&nbsp;<\/p>\n<p style=\"text-align: center;\"><span style=\"font-size: 18pt;\">Cours collectifs 60 min &#8211;<strong>8 \u00e9l\u00e8ves maxi<\/strong><\/span><\/p>\n<p style=\"text-align: center;\"><span style=\"font-size: 18pt;\">Cours parcours 90 min &#8211; 4 personnes maxi<\/span><\/p>\n<p style=\"text-align: center;\"><span style=\"font-size: 18pt;\"><strong>Engagement <\/strong>12 mois ann\u00e9es civile<\/span><\/p>\n<p style=\"text-align: center;\"><span style=\"font-size: 18pt;\">Balles de practice inclues durant les cours<\/span><\/p>\n<p>&nbsp;<\/p>\n<p>[\/vc_column_text][vc_column_text css_animation=&#8221;fadeIn&#8221;]<\/p>\n<h2 style=\"text-align: center;\"><span style=\"text-decoration: underline;\"><em><span style=\"font-size: 24pt;\"><span style=\"color: #99cc00; text-decoration: underline;\">Formule PERFORMANCE<\/span><\/span><\/em><\/span><\/h2>\n<h2 style=\"text-align: center;\"><span style=\"text-decoration: underline; font-size: 14pt; color: #ffffff;\">Index inf\u00e9rieur \u00e0 20.4\u00a0<\/span><\/h2>\n<h2 style=\"text-align: center;\"><span style=\"font-size: 24pt; color: #3366ff;\">59 \u20ac par mois<\/span><\/h2>\n<p>&nbsp;<\/p>\n<p style=\"text-align: center;\"><span style=\"font-size: 18pt;\">Cours collectifs 60 min &#8211; <strong>6 \u00e9l\u00e8ves maxi<\/strong><\/span><\/p>\n<p style=\"text-align: center;\"><span style=\"font-size: 18pt;\">Cours parcours 90 min &#8211; 4 personnes maxi<\/span><\/p>\n<p style=\"text-align: center;\"><span style=\"font-size: 18pt;\"><strong>Engagement <\/strong>12 mois ann\u00e9es civile<\/span><\/p>\n<p style=\"text-align: center;\"><span style=\"font-size: 18pt;\">Balles de practice inclues durant les cours<\/span><\/p>\n<p>&nbsp;<\/p>\n<p>[\/vc_column_text][vc_row_inner][vc_column_inner][vc_column_text]<\/p>\n<p style=\"text-align: center;\"><span style=\"font-size: 14pt; color: #339966;\">Pour toutes informations suppl\u00e9mentaires, n&#8217;h\u00e9sitez pas de contacter le club house du golf.<\/span><\/p>\n<p>[\/vc_column_text][\/vc_column_inner][\/vc_row_inner][\/vc_column][\/vc_row][vc_row][vc_column][\/vc_column][\/vc_row]<\/p>\n","protected":false},"excerpt":{"rendered":"<p>[vc_row][vc_column][\/vc_column][\/vc_row][vc_row][vc_column][vc_column_text css_animation=&#8221;fadeIn&#8221;] Golf Des Chanalets Initiations Gratuites OSEZ D\u00c9COUVRIR LE GOLF AUX PORTES DE VALENCE Le golf des Chanalets et son \u00e9quipe vous accueillent &nbsp; Les dimanches\u00a0: &nbsp; &#8211; 05\/04 &#8211; 19\/04 &#8211; 26\/04 &#8211; 03\/05 &#8211; 17\/05 &#8211; 24\/05 &nbsp; Initiation gratuite au golf, suivie d\u2019une collation \u00e0 l\u2019accueil. &nbsp; Apr\u00e8s 1h30 d&#8217;initiation encadr\u00e9 [&hellip;]<\/p>\n","protected":false},"author":1,"featured_media":0,"parent":0,"menu_order":2,"comment_status":"closed","ping_status":"closed","template":"","meta":{"footnotes":""},"aioseo_notices":[],"_links":{"self":[{"href":"https:\/\/www.golf-chanalets.fr\/base\/wp-json\/wp\/v2\/pages\/102"}],"collection":[{"href":"https:\/\/www.golf-chanalets.fr\/base\/wp-json\/wp\/v2\/pages"}],"about":[{"href":"https:\/\/www.golf-chanalets.fr\/base\/wp-json\/wp\/v2\/types\/page"}],"author":[{"embeddable":true,"href":"https:\/\/www.golf-chanalets.fr\/base\/wp-json\/wp\/v2\/users\/1"}],"replies":[{"embeddable":true,"href":"https:\/\/www.golf-chanalets.fr\/base\/wp-json\/wp\/v2\/comments?post=102"}],"version-history":[{"count":100,"href":"https:\/\/www.golf-chanalets.fr\/base\/wp-json\/wp\/v2\/pages\/102\/revisions"}],"predecessor-version":[{"id":14338,"href":"https:\/\/www.golf-chanalets.fr\/base\/wp-json\/wp\/v2\/pages\/102\/revisions\/14338"}],"wp:attachment":[{"href":"https:\/\/www.golf-chanalets.fr\/base\/wp-json\/wp\/v2\/media?parent=102"}],"curies":[{"name":"wp","href":"https:\/\/api.w.org\/{rel}","templated":true}]}}