{"id":104,"date":"2010-09-22T19:59:08","date_gmt":"2010-09-22T19:59:08","guid":{"rendered":"http:\/\/www.golf-chanalets.fr\/base\/?page_id=104"},"modified":"2020-05-15T12:03:08","modified_gmt":"2020-05-15T10:03:08","slug":"a-decouvrir","status":"publish","type":"page","link":"https:\/\/www.golf-chanalets.fr\/base\/a-decouvrir\/","title":{"rendered":"A d\u00e9couvrir"},"content":{"rendered":"<p>[vc_row][vc_column][vc_single_image image=\u00a0\u00bb8226&Prime; img_size=\u00a0\u00bblarge\u00a0\u00bb onclick=\u00a0\u00bbcustom_link\u00a0\u00bb img_link_target=\u00a0\u00bb_blank\u00a0\u00bb css_animation=\u00a0\u00bbfadeIn\u00a0\u00bb link=\u00a0\u00bbhttps:\/\/www.valence-romans-tourisme.com\/fr\/\u00a0\u00bb][\/vc_column][\/vc_row][vc_row][vc_column]\t<!-- Element: OT Line solid --> \t \n\t<div class=\" separator\"><span><i class=\"fa fa-circle\"><\/i><\/span><\/div>\n\t<div class=\"spacer-single\"><\/div>\t      \n[\/vc_column][\/vc_row][vc_row][vc_column][vc_single_image image=\u00a0\u00bb8225&Prime; img_size=\u00a0\u00bblarge\u00a0\u00bb onclick=\u00a0\u00bbcustom_link\u00a0\u00bb img_link_target=\u00a0\u00bb_blank\u00a0\u00bb css_animation=\u00a0\u00bbfadeIn\u00a0\u00bb link=\u00a0\u00bbhttps:\/\/www.ladrometourisme.com\/\u00a0\u00bb][\/vc_column][\/vc_row][vc_row][vc_column]\t<!-- Element: OT Line solid --> \t \n\t<div class=\" separator\"><span><i class=\"fa fa-circle\"><\/i><\/span><\/div>\n\t<div class=\"spacer-single\"><\/div>\t      \n[\/vc_column][\/vc_row][vc_row fullwidth=\u00a0\u00bbyes\u00a0\u00bb archi_parallax=\u00a0\u00bbyes\u00a0\u00bb css=\u00a0\u00bb.vc_custom_1588772752532{background-image: url(http:\/\/www.golf-chanalets.fr\/base\/wp-content\/uploads\/2020\/05\/FOND-noir-Golf-001.jpg?id=8146) !important;background-position: center !important;background-repeat: no-repeat !important;background-size: cover !important;}\u00a0\u00bb][vc_column animate=\u00a0\u00bbfadeinup\u00a0\u00bb][vc_single_image image=\u00a0\u00bb8202&Prime; img_size=\u00a0\u00bblarge\u00a0\u00bb css_animation=\u00a0\u00bbfadeIn\u00a0\u00bb][vc_column_text css_animation=\u00a0\u00bbbounceInUp\u00a0\u00bb]<\/p>\n<p style=\"text-align: center;\"><a href=\"http:\/\/www.naturedeaux.com\" target=\"_blank\" rel=\"noopener noreferrer\"><strong>NATURE D&rsquo;EAUX<\/strong><br \/>\nLes Communaux 26300 Ch\u00e2teauneuf-sur-Is\u00e8re.<br \/>\nT\u00e9l : 04 75 84 58 88<br \/>\nFax : 04 75 84 71 89<\/a><\/p>\n<p>[\/vc_column_text][\/vc_column][\/vc_row][vc_row][vc_column]\t<!-- Element: OT Line solid --> \t \n\t<div class=\" separator\"><span><i class=\"fa fa-circle\"><\/i><\/span><\/div>\n\t<div class=\"spacer-single\"><\/div>\t      \n[\/vc_column][\/vc_row][vc_row fullwidth=\u00a0\u00bbyes\u00a0\u00bb archi_parallax=\u00a0\u00bbyes\u00a0\u00bb css=\u00a0\u00bb.vc_custom_1588772752532{background-image: url(http:\/\/www.golf-chanalets.fr\/base\/wp-content\/uploads\/2020\/05\/FOND-noir-Golf-001.jpg?id=8146) !important;background-position: center !important;background-repeat: no-repeat !important;background-size: cover !important;}\u00a0\u00bb][vc_column animate=\u00a0\u00bbfadeinup\u00a0\u00bb][vc_single_image image=\u00a0\u00bb592&Prime; img_size=\u00a0\u00bblarge\u00a0\u00bb css_animation=\u00a0\u00bbfadeIn\u00a0\u00bb][vc_column_text css_animation=\u00a0\u00bbbounceInUp\u00a0\u00bb]<\/p>\n<p style=\"text-align: center;\"><a href=\"http:\/\/darchamstanja.com\" target=\"_blank\" rel=\"noopener noreferrer\"><strong>DAR CHAMS TANGA &#8211; Maison d&rsquo;H\u00f4tes<\/strong><br \/>\n2\/4 rue Jnan Kabtan Porte Bab el Assa 90 000 Tanger<br \/>\nGsm : 00 212 (0)6 42 27 96 37 &#8211; Gsm : 00 212 (0)6 54 93 51 75 &#8211; T\u00e9l : 00 212 (0)5 39 33 23 23<\/a><\/p>\n<p style=\"text-align: center;\"><a href=\"mailto:darchamstanja@gmail.com\"><strong>darchamstanja@gmail.com<\/strong><\/a><\/p>\n<p>[\/vc_column_text][\/vc_column][\/vc_row]<\/p>\n","protected":false},"excerpt":{"rendered":"<p>[vc_row][vc_column][vc_single_image image=\u00a0\u00bb8226&Prime; img_size=\u00a0\u00bblarge\u00a0\u00bb onclick=\u00a0\u00bbcustom_link\u00a0\u00bb img_link_target=\u00a0\u00bb_blank\u00a0\u00bb css_animation=\u00a0\u00bbfadeIn\u00a0\u00bb link=\u00a0\u00bbhttps:\/\/www.valence-romans-tourisme.com\/fr\/\u00a0\u00bb][\/vc_column][\/vc_row][vc_row][vc_column][\/vc_column][\/vc_row][vc_row][vc_column][vc_single_image image=\u00a0\u00bb8225&Prime; img_size=\u00a0\u00bblarge\u00a0\u00bb onclick=\u00a0\u00bbcustom_link\u00a0\u00bb img_link_target=\u00a0\u00bb_blank\u00a0\u00bb css_animation=\u00a0\u00bbfadeIn\u00a0\u00bb link=\u00a0\u00bbhttps:\/\/www.ladrometourisme.com\/\u00a0\u00bb][\/vc_column][\/vc_row][vc_row][vc_column][\/vc_column][\/vc_row][vc_row fullwidth=\u00a0\u00bbyes\u00a0\u00bb archi_parallax=\u00a0\u00bbyes\u00a0\u00bb css=\u00a0\u00bb.vc_custom_1588772752532{background-image: url(http:\/\/www.golf-chanalets.fr\/base\/wp-content\/uploads\/2020\/05\/FOND-noir-Golf-001.jpg?id=8146) !important;background-position: center !important;background-repeat: no-repeat !important;background-size: cover !important;}\u00a0\u00bb][vc_column animate=\u00a0\u00bbfadeinup\u00a0\u00bb][vc_single_image image=\u00a0\u00bb8202&Prime; img_size=\u00a0\u00bblarge\u00a0\u00bb css_animation=\u00a0\u00bbfadeIn\u00a0\u00bb][vc_column_text css_animation=\u00a0\u00bbbounceInUp\u00a0\u00bb] NATURE D&rsquo;EAUX Les Communaux 26300 Ch\u00e2teauneuf-sur-Is\u00e8re. T\u00e9l : 04 75 84 58 88 Fax : 04 75 84 71 89 [\/vc_column_text][\/vc_column][\/vc_row][vc_row][vc_column][\/vc_column][\/vc_row][vc_row fullwidth=\u00a0\u00bbyes\u00a0\u00bb archi_parallax=\u00a0\u00bbyes\u00a0\u00bb css=\u00a0\u00bb.vc_custom_1588772752532{background-image: url(http:\/\/www.golf-chanalets.fr\/base\/wp-content\/uploads\/2020\/05\/FOND-noir-Golf-001.jpg?id=8146) !important;background-position: [&hellip;]<\/p>\n","protected":false},"author":1,"featured_media":0,"parent":0,"menu_order":2,"comment_status":"closed","ping_status":"closed","template":"","meta":{"footnotes":""},"aioseo_notices":[],"_links":{"self":[{"href":"https:\/\/www.golf-chanalets.fr\/base\/wp-json\/wp\/v2\/pages\/104"}],"collection":[{"href":"https:\/\/www.golf-chanalets.fr\/base\/wp-json\/wp\/v2\/pages"}],"about":[{"href":"https:\/\/www.golf-chanalets.fr\/base\/wp-json\/wp\/v2\/types\/page"}],"author":[{"embeddable":true,"href":"https:\/\/www.golf-chanalets.fr\/base\/wp-json\/wp\/v2\/users\/1"}],"replies":[{"embeddable":true,"href":"https:\/\/www.golf-chanalets.fr\/base\/wp-json\/wp\/v2\/comments?post=104"}],"version-history":[{"count":8,"href":"https:\/\/www.golf-chanalets.fr\/base\/wp-json\/wp\/v2\/pages\/104\/revisions"}],"predecessor-version":[{"id":8388,"href":"https:\/\/www.golf-chanalets.fr\/base\/wp-json\/wp\/v2\/pages\/104\/revisions\/8388"}],"wp:attachment":[{"href":"https:\/\/www.golf-chanalets.fr\/base\/wp-json\/wp\/v2\/media?parent=104"}],"curies":[{"name":"wp","href":"https:\/\/api.w.org\/{rel}","templated":true}]}}