{"id":12,"date":"2010-09-17T22:06:40","date_gmt":"2010-09-17T22:06:40","guid":{"rendered":"http:\/\/www.golf-chanalets.fr\/base\/?page_id=12"},"modified":"2026-04-16T11:09:51","modified_gmt":"2026-04-16T09:09:51","slug":"restaurant","status":"publish","type":"page","link":"https:\/\/www.golf-chanalets.fr\/base\/restaurant\/","title":{"rendered":"Restaurant"},"content":{"rendered":"<p>[vc_row css=\u00a0\u00bb.vc_custom_1588929336530{padding-bottom: 0px !important;}\u00a0\u00bb][vc_column][vc_column_text]<\/p>\n<h3 style=\"text-align: center;\"><em><span style=\"color: #ffcc00; font-family: times new roman, times, serif; font-size: 18pt;\">Golf des Chanalets<\/span><\/em><\/h3>\n<h1 style=\"text-align: center;\"><span style=\"font-family: times new roman, times, serif;\"><em><span style=\"font-size: 36pt;\">Le Restaurant <\/span><\/em><\/span><\/h1>\n<h1 style=\"text-align: center;\"><em><span style=\"font-size: 36pt; font-family: trebuchet ms, geneva, sans-serif;\"><span style=\"font-family: times new roman, times, serif;\">\u00ab\u00a0Les Terrasses\u00a0\u00bb<\/span> <\/span><\/em><\/h1>\n<p>[\/vc_column_text][\/vc_column][\/vc_row][vc_row][vc_column][vc_column_text]<\/p>\n<p style=\"text-align: center;\"><span style=\"font-family: times new roman, times, serif;\"><em><span style=\"font-size: 14pt;\">Tout pr\u00e9s de chez vous, au c\u0153ur d\u2019un \u00ab\u00a0\u00e9crin de verdure\u00a0\u00bb, le Golf des Chanalets vous invite \u00e0 d\u00e9couvrir sa salle de restaurant. Celle &#8211; ci vous offre un panorama idyllique sur le parcours et l\u2019Ard\u00e8che.<\/span><\/em><\/span><\/p>\n<p style=\"text-align: center;\"><span style=\"font-family: times new roman, times, serif;\"><em><span style=\"font-size: 14pt;\">Vous pourrez y savourer une cuisine cr\u00e9ative, gr\u00e2ce \u00e0 une cheffe inspir\u00e9e.<\/span><\/em><\/span><\/p>\n<p>&nbsp;<\/p>\n<p style=\"text-align: center;\"><span style=\"font-family: times new roman, times, serif; color: #ffcc00;\"><em><span style=\"font-size: 14pt;\">\u00a0<\/span><\/em><\/span><\/p>\n<p>[\/vc_column_text][vc_single_image image=\u00a0\u00bb14330&Prime; img_size=\u00a0\u00bblarge\u00a0\u00bb alignment=\u00a0\u00bbcenter\u00a0\u00bb][\/vc_column][\/vc_row][vc_row fullwidth=\u00a0\u00bbyes\u00a0\u00bb archi_parallax=\u00a0\u00bbyes\u00a0\u00bb css=\u00a0\u00bb.vc_custom_1588772762060{background-image: url(http:\/\/www.golf-chanalets.fr\/base\/wp-content\/uploads\/2020\/05\/FOND-noir-Golf-001.jpg?id=8146) !important;background-position: center !important;background-repeat: no-repeat !important;background-size: cover !important;}\u00a0\u00bb][vc_column animate=\u00a0\u00bbfadeinup\u00a0\u00bb]\t<!-- Element: OT Line solid --> \t \n\t<div class=\" separator\"><span><i class=\"fa fa-circle\"><\/i><\/span><\/div>\n\t<div class=\"spacer-single\"><\/div>\t      \n[vc_column_text]<\/p>\n<p style=\"text-align: center;\"><em><span style=\"font-family: times new roman, times, serif; font-size: 14pt;\">Restaurant ouvert 7j\/7 de 12h \u00e0 14h30<\/span><\/em><\/p>\n<p style=\"text-align: center;\"><em><span style=\"font-size: 14pt; font-family: times new roman, times, serif;\">Nos formules du jour sont servies du lundi au vendredi de 12h \u00e0 14h30<strong><br \/>\n<\/strong><\/span><\/em><\/p>\n<p>&nbsp;<\/p>\n<p style=\"text-align: center;\"><em><span style=\"font-size: 14pt; font-family: times new roman, times, serif;\">Plat du jour 14.50 \u20ac<\/span><\/em><\/p>\n<p style=\"text-align: center;\"><em><span style=\"font-family: times new roman, times, serif;\"><span style=\"font-size: 14pt;\">Entr\u00e9e + Plat du jour OU <\/span><span style=\"font-size: 14pt;\">Plat du jour + Dessert du jour 20.50 \u20ac<\/span><\/span><\/em><\/p>\n<p style=\"text-align: center;\"><em><span style=\"font-size: 14pt; font-family: times new roman, times, serif;\">Entr\u00e9e + Plat du jour + Dessert du jour 23.50 \u20ac<\/span><\/em><\/p>\n<p>&nbsp;<\/p>\n<p>[\/vc_column_text][vc_btn title=\u00a0\u00bbCarte Printemps \/ Et\u00e9\u00a0\u00bb style=\u00a0\u00bbcustom\u00a0\u00bb custom_background=\u00a0\u00bb#efefef\u00a0\u00bb custom_text=\u00a0\u00bb#660606&Prime; size=\u00a0\u00bblg\u00a0\u00bb align=\u00a0\u00bbcenter\u00a0\u00bb i_type=\u00a0\u00bbmaterial\u00a0\u00bb i_icon_material=\u00a0\u00bbvc-material vc-material-restaurant_menu\u00a0\u00bb css_animation=\u00a0\u00bbbounceIn\u00a0\u00bb button_block=\u00a0\u00bbtrue\u00a0\u00bb add_icon=\u00a0\u00bbtrue\u00a0\u00bb css=\u00a0\u00bb.vc_custom_1776330534082{padding-right: 30px !important;padding-left: 30px !important;}\u00a0\u00bb link=\u00a0\u00bburl:https%3A%2F%2Fwww.golf-chanalets.fr%2Fbase%2Fwp-content%2Fuploads%2F2026%2F04%2FCarte-ete-.pdf||target:%20_blank|\u00a0\u00bb]\t<!-- Element: OT Line solid --> \t \n\t<div class=\" separator\"><span><i class=\"fa fa-circle\"><\/i><\/span><\/div>\n\t<div class=\"spacer-single\"><\/div>\t      \n[\/vc_column][vc_column][\/vc_column][\/vc_row][vc_row][vc_column]\t\n\t<!-- Element: OT Home Text Static -->\n    <div class=\"center-y text-center\">\n    \t            <\/div>\n   \n[\/vc_column][\/vc_row]<\/p>\n","protected":false},"excerpt":{"rendered":"<p>[vc_row css=\u00a0\u00bb.vc_custom_1588929336530{padding-bottom: 0px !important;}\u00a0\u00bb][vc_column][vc_column_text] Golf des Chanalets Le Restaurant \u00ab\u00a0Les Terrasses\u00a0\u00bb [\/vc_column_text][\/vc_column][\/vc_row][vc_row][vc_column][vc_column_text] Tout pr\u00e9s de chez vous, au c\u0153ur d\u2019un \u00ab\u00a0\u00e9crin de verdure\u00a0\u00bb, le Golf des Chanalets vous invite \u00e0 d\u00e9couvrir sa salle de restaurant. Celle &#8211; ci vous offre un panorama idyllique sur le parcours et l\u2019Ard\u00e8che. Vous pourrez y savourer une cuisine cr\u00e9ative, [&hellip;]<\/p>\n","protected":false},"author":1,"featured_media":0,"parent":0,"menu_order":7,"comment_status":"closed","ping_status":"closed","template":"","meta":{"footnotes":""},"aioseo_notices":[],"_links":{"self":[{"href":"https:\/\/www.golf-chanalets.fr\/base\/wp-json\/wp\/v2\/pages\/12"}],"collection":[{"href":"https:\/\/www.golf-chanalets.fr\/base\/wp-json\/wp\/v2\/pages"}],"about":[{"href":"https:\/\/www.golf-chanalets.fr\/base\/wp-json\/wp\/v2\/types\/page"}],"author":[{"embeddable":true,"href":"https:\/\/www.golf-chanalets.fr\/base\/wp-json\/wp\/v2\/users\/1"}],"replies":[{"embeddable":true,"href":"https:\/\/www.golf-chanalets.fr\/base\/wp-json\/wp\/v2\/comments?post=12"}],"version-history":[{"count":158,"href":"https:\/\/www.golf-chanalets.fr\/base\/wp-json\/wp\/v2\/pages\/12\/revisions"}],"predecessor-version":[{"id":14356,"href":"https:\/\/www.golf-chanalets.fr\/base\/wp-json\/wp\/v2\/pages\/12\/revisions\/14356"}],"wp:attachment":[{"href":"https:\/\/www.golf-chanalets.fr\/base\/wp-json\/wp\/v2\/media?parent=12"}],"curies":[{"name":"wp","href":"https:\/\/api.w.org\/{rel}","templated":true}]}}