{"id":12956,"date":"2024-01-29T17:47:26","date_gmt":"2024-01-29T16:47:26","guid":{"rendered":"https:\/\/www.golf-chanalets.fr\/base\/?page_id=12956"},"modified":"2026-01-12T15:33:43","modified_gmt":"2026-01-12T14:33:43","slug":"licence-2024","status":"publish","type":"page","link":"https:\/\/www.golf-chanalets.fr\/base\/licence-2024\/","title":{"rendered":"Licence FFGolf 2026"},"content":{"rendered":"<p>N&rsquo;oubliez pas de prendre votre licence \u00e0 la F\u00e9d\u00e9ration Fran\u00e7aise de Golf afin de pourvoir jouer en toute tranquillit\u00e9.<\/p>\n<p>&nbsp;<\/p>\n","protected":false},"excerpt":{"rendered":"<p>N&rsquo;oubliez pas de prendre votre licence \u00e0 la F\u00e9d\u00e9ration Fran\u00e7aise de Golf afin de pourvoir jouer en toute tranquillit\u00e9. &nbsp;<\/p>\n","protected":false},"author":9,"featured_media":0,"parent":0,"menu_order":2,"comment_status":"closed","ping_status":"closed","template":"","meta":{"footnotes":""},"aioseo_notices":[],"_links":{"self":[{"href":"https:\/\/www.golf-chanalets.fr\/base\/wp-json\/wp\/v2\/pages\/12956"}],"collection":[{"href":"https:\/\/www.golf-chanalets.fr\/base\/wp-json\/wp\/v2\/pages"}],"about":[{"href":"https:\/\/www.golf-chanalets.fr\/base\/wp-json\/wp\/v2\/types\/page"}],"author":[{"embeddable":true,"href":"https:\/\/www.golf-chanalets.fr\/base\/wp-json\/wp\/v2\/users\/9"}],"replies":[{"embeddable":true,"href":"https:\/\/www.golf-chanalets.fr\/base\/wp-json\/wp\/v2\/comments?post=12956"}],"version-history":[{"count":6,"href":"https:\/\/www.golf-chanalets.fr\/base\/wp-json\/wp\/v2\/pages\/12956\/revisions"}],"predecessor-version":[{"id":14217,"href":"https:\/\/www.golf-chanalets.fr\/base\/wp-json\/wp\/v2\/pages\/12956\/revisions\/14217"}],"wp:attachment":[{"href":"https:\/\/www.golf-chanalets.fr\/base\/wp-json\/wp\/v2\/media?parent=12956"}],"curies":[{"name":"wp","href":"https:\/\/api.w.org\/{rel}","templated":true}]}}