{"id":14,"date":"2010-09-17T22:06:57","date_gmt":"2010-09-17T22:06:57","guid":{"rendered":"http:\/\/www.golf-chanalets.fr\/base\/?page_id=14"},"modified":"2026-01-15T11:06:43","modified_gmt":"2026-01-15T10:06:43","slug":"boutique","status":"publish","type":"page","link":"https:\/\/www.golf-chanalets.fr\/base\/boutique\/","title":{"rendered":"La Boutique"},"content":{"rendered":"<p>[vc_row][vc_column][vc_column_text]<\/p>\n<h1 style=\"text-align: center;\"><span style=\"font-family: 'trebuchet ms', geneva, sans-serif; font-size: 24pt;\">La boutique<br \/>\n<\/span><\/h1>\n<p>[\/vc_column_text][vc_row_inner][vc_column_inner][vc_column_text]<\/p>\n<p style=\"text-align: center;\"><span style=\"color: #ffcc00; font-family: comic sans ms, sans-serif;\"><em><span style=\"font-size: 18pt;\">Vous avez une question ? <\/span><\/em><\/span><\/p>\n<p style=\"text-align: center;\"><span style=\"font-size: 14pt; color: #000000;\"><span style=\"color: #ff0000;\"><span style=\"color: #ffcc00; font-family: comic sans ms, sans-serif;\"><em><span style=\"font-size: 18pt;\">Nous sommes l\u00e0 pour trouver la r\u00e9ponse..<\/span><\/em><\/span><br \/>\n<\/span><\/span>[\/vc_column_text][\/vc_column_inner][\/vc_row_inner][\/vc_column][\/vc_row][vc_row][vc_column][vc_gallery interval=\u00a0\u00bb3&Prime; images=\u00a0\u00bb14243,14244,14246,14249,14250,14252,14253,14254,14256,14257&Prime; img_size=\u00a0\u00bblarge\u00a0\u00bb onclick=\u00a0\u00bb\u00a0\u00bb][\/vc_column][\/vc_row][vc_row][vc_column][vc_column_text]<\/p>\n<p>Un lieu d\u00e9di\u00e9 aux passionn\u00e9s du golf avec le conseil avis\u00e9 des enseignants du site et de l&rsquo;\u00e9quipe de l\u2019accueil.<\/p>\n<p>Les engagements de la boutique\u00a0:<\/p>\n<ul>\n<li><span style=\"text-decoration: underline;\"><span style=\"color: #f5cc18; text-decoration: underline;\"><em>Le meilleur <span style=\"color: #f5cc18; text-decoration: underline;\">prix\u00a0<\/span><\/em>:<\/span><\/span> \u00e9gal ou inf\u00e9rieur aux grandes enseignes.<\/li>\n<li><span style=\"text-decoration: underline;\"><span style=\"color: #f5cc18; text-decoration: underline;\"><em>Des journ\u00e9es D\u00e9mo\u00a0<\/em>:<\/span><\/span> organis\u00e9es tout au long de l\u2019ann\u00e9e.<\/li>\n<li><span style=\"text-decoration: underline; color: #ffcc00;\"><em>Des clubs \u00e0 l\u2019essai<\/em> <\/span>\u00e0 disposition \u00e0 l\u2019accueil.<\/li>\n<li>Si vous \u00eates tent\u00e9s par une opportunit\u00e9 sur internet, nous vous conseillons, pour \u00e9viter une possible contre \u2013 fa\u00e7on, de nous contacter.<\/li>\n<li>Notre engagement sera de vous proposer la m\u00eame \u00ab bonne affaire \u00bb au m\u00eame tarif (site fran\u00e7ais).<\/li>\n<li><span style=\"text-decoration: underline;\"><span style=\"color: #f5cc18; text-decoration: underline;\"><em><span style=\"color: #ffcc00; text-decoration: underline;\">Gestion des SAV<\/span> <\/em><\/span><\/span>sur site avec possibilit\u00e9 de pr\u00eat du mat\u00e9riel.<\/li>\n<li><em><span style=\"text-decoration: underline;\"><span style=\"color: #ffcc00; text-decoration: underline;\">Facilit\u00e9 de paiement :<\/span><\/span><\/em> Profitez d\u00e8s maintenant du paiement en 3x sans frais \u00e0 partir de 150\u20ac d&rsquo;achat !<\/li>\n<\/ul>\n<p>OFFREZ-VOUS DU BONHEUR \u00c0 LA BOUTIQUE DES CHANALETS<\/p>\n<p>[\/vc_column_text][\/vc_column][\/vc_row][vc_row][vc_column width=\u00a0\u00bb1\/6&Prime;][vc_single_image image=\u00a0\u00bb8210&Prime; img_size=\u00a0\u00bblarge\u00a0\u00bb css_animation=\u00a0\u00bbfadeInLeftBig\u00a0\u00bb][\/vc_column][vc_column width=\u00a0\u00bb1\/6&Prime;][vc_single_image image=\u00a0\u00bb8209&Prime; img_size=\u00a0\u00bblarge\u00a0\u00bb css_animation=\u00a0\u00bbfadeInLeft\u00a0\u00bb][\/vc_column][vc_column width=\u00a0\u00bb1\/6&Prime;][vc_single_image image=\u00a0\u00bb8214&Prime; img_size=\u00a0\u00bblarge\u00a0\u00bb css_animation=\u00a0\u00bbfadeIn\u00a0\u00bb][\/vc_column][vc_column width=\u00a0\u00bb1\/6&Prime;][vc_single_image image=\u00a0\u00bb8215&Prime; img_size=\u00a0\u00bblarge\u00a0\u00bb css_animation=\u00a0\u00bbfadeIn\u00a0\u00bb][\/vc_column][vc_column width=\u00a0\u00bb1\/6&Prime;][vc_single_image image=\u00a0\u00bb8207&Prime; img_size=\u00a0\u00bblarge\u00a0\u00bb css_animation=\u00a0\u00bbfadeInRight\u00a0\u00bb][\/vc_column][\/vc_row][vc_row][vc_column width=\u00a0\u00bb1\/6&Prime;][vc_single_image image=\u00a0\u00bb8212&Prime; img_size=\u00a0\u00bblarge\u00a0\u00bb css_animation=\u00a0\u00bbfadeInLeftBig\u00a0\u00bb][\/vc_column][vc_column width=\u00a0\u00bb1\/6&Prime;][vc_single_image image=\u00a0\u00bb8213&Prime; img_size=\u00a0\u00bblarge\u00a0\u00bb css_animation=\u00a0\u00bbfadeInLeft\u00a0\u00bb][\/vc_column][vc_column width=\u00a0\u00bb1\/6&Prime;][vc_single_image image=\u00a0\u00bb8216&Prime; img_size=\u00a0\u00bblarge\u00a0\u00bb css_animation=\u00a0\u00bbfadeIn\u00a0\u00bb][\/vc_column][vc_column width=\u00a0\u00bb1\/6&Prime;][vc_single_image image=\u00a0\u00bb8211&Prime; img_size=\u00a0\u00bblarge\u00a0\u00bb css_animation=\u00a0\u00bbfadeIn\u00a0\u00bb][\/vc_column][vc_column width=\u00a0\u00bb1\/6&Prime;][vc_single_image image=\u00a0\u00bb8217&Prime; img_size=\u00a0\u00bblarge\u00a0\u00bb css_animation=\u00a0\u00bbfadeInRight\u00a0\u00bb][\/vc_column][vc_column width=\u00a0\u00bb1\/6&Prime;][\/vc_column][\/vc_row]<\/p>\n","protected":false},"excerpt":{"rendered":"<p>[vc_row][vc_column][vc_column_text] La boutique [\/vc_column_text][vc_row_inner][vc_column_inner][vc_column_text] Vous avez une question ? Nous sommes l\u00e0 pour trouver la r\u00e9ponse.. [\/vc_column_text][\/vc_column_inner][\/vc_row_inner][\/vc_column][\/vc_row][vc_row][vc_column][vc_gallery interval=\u00a0\u00bb3&Prime; images=\u00a0\u00bb14243,14244,14246,14249,14250,14252,14253,14254,14256,14257&Prime; img_size=\u00a0\u00bblarge\u00a0\u00bb onclick=\u00a0\u00bb\u00a0\u00bb][\/vc_column][\/vc_row][vc_row][vc_column][vc_column_text] Un lieu d\u00e9di\u00e9 aux passionn\u00e9s du golf avec le conseil avis\u00e9 des enseignants du site et de l&rsquo;\u00e9quipe de l\u2019accueil. Les engagements de la boutique\u00a0: Le meilleur prix\u00a0: \u00e9gal ou inf\u00e9rieur aux grandes enseignes. [&hellip;]<\/p>\n","protected":false},"author":1,"featured_media":0,"parent":0,"menu_order":12,"comment_status":"closed","ping_status":"closed","template":"","meta":{"footnotes":""},"aioseo_notices":[],"_links":{"self":[{"href":"https:\/\/www.golf-chanalets.fr\/base\/wp-json\/wp\/v2\/pages\/14"}],"collection":[{"href":"https:\/\/www.golf-chanalets.fr\/base\/wp-json\/wp\/v2\/pages"}],"about":[{"href":"https:\/\/www.golf-chanalets.fr\/base\/wp-json\/wp\/v2\/types\/page"}],"author":[{"embeddable":true,"href":"https:\/\/www.golf-chanalets.fr\/base\/wp-json\/wp\/v2\/users\/1"}],"replies":[{"embeddable":true,"href":"https:\/\/www.golf-chanalets.fr\/base\/wp-json\/wp\/v2\/comments?post=14"}],"version-history":[{"count":177,"href":"https:\/\/www.golf-chanalets.fr\/base\/wp-json\/wp\/v2\/pages\/14\/revisions"}],"predecessor-version":[{"id":14258,"href":"https:\/\/www.golf-chanalets.fr\/base\/wp-json\/wp\/v2\/pages\/14\/revisions\/14258"}],"wp:attachment":[{"href":"https:\/\/www.golf-chanalets.fr\/base\/wp-json\/wp\/v2\/media?parent=14"}],"curies":[{"name":"wp","href":"https:\/\/api.w.org\/{rel}","templated":true}]}}