{"id":24,"date":"2010-09-17T22:09:38","date_gmt":"2010-09-17T22:09:38","guid":{"rendered":"http:\/\/www.golf-chanalets.fr\/base\/?page_id=24"},"modified":"2024-05-28T14:43:18","modified_gmt":"2024-05-28T12:43:18","slug":"contact","status":"publish","type":"page","link":"https:\/\/www.golf-chanalets.fr\/base\/contact\/","title":{"rendered":"Contact"},"content":{"rendered":"<p>[vc_row][vc_column width=&#8221;2\/3&#8243;][vc_raw_html]JTVCd3Bmb3JtcyUyMGlkJTNEJTIyODQ0MSUyMiUyMHRpdGxlJTNEJTIyZmFsc2UlMjIlMjBkZXNjcmlwdGlvbiUzRCUyMmZhbHNlJTIyJTVE[\/vc_raw_html][\/vc_column][vc_column width=&#8221;1\/3&#8243;][vc_single_image image=&#8221;8065&#8243; img_size=&#8221;large&#8221;][vc_column_text]<\/p>\n<h3 style=\"text-align: center;\"><span style=\"color: #99cc00;\">GOLF DES CHANALETS<\/span><\/h3>\n<p style=\"text-align: center;\">1812 Route de l&#8217;Amiral Marc de Joybert<\/p>\n<p style=\"text-align: center;\">26500 Bourg-Les-Valence<\/p>\n<p style=\"text-align: center;\">Auvergne Rh\u00f4ne-Alpes<\/p>\n<p style=\"text-align: center;\">&#x260e; 04 75 83 16 23<\/p>\n<p>&nbsp;<\/p>\n<p>&nbsp;<\/p>\n<p>&nbsp;<\/p>\n<p>[\/vc_column_text][\/vc_column][\/vc_row][vc_row][vc_column][vc_column_text]<\/p>\n<p>&nbsp;<\/p>\n<p style=\"text-align: center;\"><span style=\"font-size: 10pt;\">Apr\u00e8s avoir saisi le service (apr\u00e8s-vente, apr\u00e8s-voyage) et \u00e0 d\u00e9faut de r\u00e9ponse satisfaisante ou en l\u2019absence de r\u00e9ponse dans un d\u00e9lai de 60 jours, le client peut saisir le m\u00e9diateur du tourisme et de voyage dont les coordonn\u00e9es et modalit\u00e9s de saisine sont \u00e0 disposition sur son site <a href=\"http:\/\/lienclub.ffgolf.org\/u\/nrd.php?p=HldfpFP5zb_2633_975834_1_1&amp;ems_l=1008025\">www.mtv.travel<\/a>.<\/span><\/p>\n<p>[\/vc_column_text][\/vc_column][\/vc_row]<\/p>\n","protected":false},"excerpt":{"rendered":"<p>[vc_row][vc_column width=&#8221;2\/3&#8243;][vc_raw_html]JTVCd3Bmb3JtcyUyMGlkJTNEJTIyODQ0MSUyMiUyMHRpdGxlJTNEJTIyZmFsc2UlMjIlMjBkZXNjcmlwdGlvbiUzRCUyMmZhbHNlJTIyJTVE[\/vc_raw_html][\/vc_column][vc_column width=&#8221;1\/3&#8243;][vc_single_image image=&#8221;8065&#8243; img_size=&#8221;large&#8221;][vc_column_text] GOLF DES CHANALETS 1812 Route de l&#8217;Amiral Marc de Joybert 26500 Bourg-Les-Valence Auvergne Rh\u00f4ne-Alpes &#x260e; 04 75 83 16 23 &nbsp; &nbsp; &nbsp; [\/vc_column_text][\/vc_column][\/vc_row][vc_row][vc_column][vc_column_text] &nbsp; Apr\u00e8s avoir saisi le service (apr\u00e8s-vente, apr\u00e8s-voyage) et \u00e0 d\u00e9faut de r\u00e9ponse satisfaisante ou en l\u2019absence de r\u00e9ponse dans un d\u00e9lai de 60 jours, le [&hellip;]<\/p>\n","protected":false},"author":1,"featured_media":0,"parent":0,"menu_order":16,"comment_status":"closed","ping_status":"closed","template":"","meta":{"footnotes":""},"aioseo_notices":[],"_links":{"self":[{"href":"https:\/\/www.golf-chanalets.fr\/base\/wp-json\/wp\/v2\/pages\/24"}],"collection":[{"href":"https:\/\/www.golf-chanalets.fr\/base\/wp-json\/wp\/v2\/pages"}],"about":[{"href":"https:\/\/www.golf-chanalets.fr\/base\/wp-json\/wp\/v2\/types\/page"}],"author":[{"embeddable":true,"href":"https:\/\/www.golf-chanalets.fr\/base\/wp-json\/wp\/v2\/users\/1"}],"replies":[{"embeddable":true,"href":"https:\/\/www.golf-chanalets.fr\/base\/wp-json\/wp\/v2\/comments?post=24"}],"version-history":[{"count":13,"href":"https:\/\/www.golf-chanalets.fr\/base\/wp-json\/wp\/v2\/pages\/24\/revisions"}],"predecessor-version":[{"id":13279,"href":"https:\/\/www.golf-chanalets.fr\/base\/wp-json\/wp\/v2\/pages\/24\/revisions\/13279"}],"wp:attachment":[{"href":"https:\/\/www.golf-chanalets.fr\/base\/wp-json\/wp\/v2\/media?parent=24"}],"curies":[{"name":"wp","href":"https:\/\/api.w.org\/{rel}","templated":true}]}}