{"id":50,"date":"2010-09-17T22:28:52","date_gmt":"2010-09-17T20:28:52","guid":{"rendered":"http:\/\/www.golf-chanalets.fr\/base\/?page_id=50"},"modified":"2026-03-03T22:21:22","modified_gmt":"2026-03-03T21:21:22","slug":"freenfees-location","status":"publish","type":"page","link":"https:\/\/www.golf-chanalets.fr\/base\/freenfees-location\/","title":{"rendered":"Green-fees \/ Location"},"content":{"rendered":"<p>[vc_row fullwidth=&#8221;yes&#8221; archi_parallax=&#8221;yes&#8221; css=&#8221;.vc_custom_1588772752532{background-image: url(http:\/\/www.golf-chanalets.fr\/base\/wp-content\/uploads\/2020\/05\/FOND-noir-Golf-001.jpg?id=8146) !important;background-position: center !important;background-repeat: no-repeat !important;background-size: cover !important;}&#8221;][vc_column animate=&#8221;fadeinup&#8221;][vc_empty_space][vc_column_text]<\/p>\n<h3 style=\"text-align: center;\"><span style=\"font-size: 18pt;\"><span style=\"color: #99cc00;\">GREEN-FEES<\/span><br \/>\n<\/span><\/h3>\n<h2 style=\"text-align: center;\"><span style=\"font-size: 36pt;\">Parcours 18 Trous<br \/>\n<\/span><\/h2>\n<p style=\"text-align: center;\"><a href=\"https:\/\/www.golf-chanalets.fr\/base\/wp-content\/uploads\/2026\/03\/GF-internet-mars-2026-horaire.png\"><img loading=\"lazy\" decoding=\"async\" class=\"alignnone wp-image-14287 size-large\" src=\"https:\/\/www.golf-chanalets.fr\/base\/wp-content\/uploads\/2026\/03\/GF-internet-mars-2026-horaire-1024x1024.png\" alt=\"\" width=\"1024\" height=\"1024\" srcset=\"https:\/\/www.golf-chanalets.fr\/base\/wp-content\/uploads\/2026\/03\/GF-internet-mars-2026-horaire-1024x1024.png 1024w, https:\/\/www.golf-chanalets.fr\/base\/wp-content\/uploads\/2026\/03\/GF-internet-mars-2026-horaire-300x300.png 300w, https:\/\/www.golf-chanalets.fr\/base\/wp-content\/uploads\/2026\/03\/GF-internet-mars-2026-horaire-150x150.png 150w, https:\/\/www.golf-chanalets.fr\/base\/wp-content\/uploads\/2026\/03\/GF-internet-mars-2026-horaire-768x768.png 768w, https:\/\/www.golf-chanalets.fr\/base\/wp-content\/uploads\/2026\/03\/GF-internet-mars-2026-horaire-1536x1536.png 1536w, https:\/\/www.golf-chanalets.fr\/base\/wp-content\/uploads\/2026\/03\/GF-internet-mars-2026-horaire-2048x2048.png 2048w, https:\/\/www.golf-chanalets.fr\/base\/wp-content\/uploads\/2026\/03\/GF-internet-mars-2026-horaire-1320x1320.png 1320w\" sizes=\"(max-width: 1024px) 100vw, 1024px\" \/><\/a><\/p>\n<p>[\/vc_column_text]\t<!-- Element: OT Line solid --> \t \n\t<div class=\" separator\"><span><i class=\"fa fa-circle\"><\/i><\/span><\/div>\n\t<div class=\"spacer-single\"><\/div>\t      \n[vc_row_inner][vc_column_inner][vc_column_text css_animation=&#8221;fadeInRight&#8221;]<\/p>\n<h2 style=\"text-align: center;\"><span style=\"font-size: 18pt;\"><strong>HAUTE SAISON<\/strong><\/span><\/h2>\n<p style=\"text-align: center;\"><span style=\"font-size: 14pt;\"><em>(De Mars \u00e0 Novembre &#8211; Semaine et Week-end)<\/em><strong><br \/>\n<\/strong><\/span><\/p>\n<p>&nbsp;<\/p>\n<p style=\"text-align: center;\"><span style=\"font-size: 18pt;\">Individuel : <strong>65,00 \u20ac<\/strong><\/span><\/p>\n<p>&nbsp;<\/p>\n<p style=\"text-align: center;\"><span style=\"font-size: 18pt;\">Jeune (- 25 ans) : <strong>37,00 \u20ac<\/strong><\/span><\/p>\n<p>&nbsp;<\/p>\n<h2 style=\"text-align: center;\"><span style=\"font-size: 18pt;\"><strong>BASSE SAISON<\/strong><\/span><\/h2>\n<p style=\"text-align: center;\"><span style=\"font-size: 14pt;\">(De D\u00e9cembre \u00e0 F\u00e9vrier<em> &#8211; Semaine et Week-end<\/em>)<\/span><\/p>\n<p>&nbsp;<\/p>\n<p style=\"text-align: center;\"><span style=\"font-size: 18pt;\">Individuel : <strong>48,00 \u20ac<\/strong><\/span><\/p>\n<p>&nbsp;<\/p>\n<p style=\"text-align: center;\"><span style=\"font-size: 18pt;\">Jeune (- 25 ans) : <strong>28,00 \u20ac<\/strong><\/span><\/p>\n<p>[\/vc_column_text][\/vc_column_inner][vc_column_inner][\/vc_column_inner][\/vc_row_inner]\t<!-- Element: OT Line solid --> \t \n\t<div class=\" separator\"><span><i class=\"fa fa-circle\"><\/i><\/span><\/div>\n\t<div class=\"spacer-single\"><\/div>\t      \n[\/vc_column][\/vc_row][vc_row][vc_column width=&#8221;1\/2&#8243;][vc_single_image image=&#8221;5167&#8243; img_size=&#8221;large&#8221; css_animation=&#8221;fadeIn&#8221;][\/vc_column][vc_column width=&#8221;1\/2&#8243;][vc_single_image image=&#8221;5169&#8243; img_size=&#8221;large&#8221; css_animation=&#8221;fadeIn&#8221;][\/vc_column][\/vc_row][vc_row fullwidth=&#8221;yes&#8221; archi_parallax=&#8221;yes&#8221; css=&#8221;.vc_custom_1588772762060{background-image: url(http:\/\/www.golf-chanalets.fr\/base\/wp-content\/uploads\/2020\/05\/FOND-noir-Golf-001.jpg?id=8146) !important;background-position: center !important;background-repeat: no-repeat !important;background-size: cover !important;}&#8221;][vc_column animate=&#8221;fadeinup&#8221;][vc_empty_space][vc_column_text]<\/p>\n<h3 style=\"text-align: center;\"><span style=\"font-size: 18pt;\"><span style=\"color: #99cc00;\">GREEN-FEES<\/span><br \/>\n<\/span><\/h3>\n<h2 style=\"text-align: center;\"><span style=\"font-size: 36pt;\">Parcours 9 Trous<br \/>\n<\/span><\/h2>\n<p>[\/vc_column_text]\t<!-- Element: OT Line solid --> \t \n\t<div class=\" separator\"><span><i class=\"fa fa-circle\"><\/i><\/span><\/div>\n\t<div class=\"spacer-single\"><\/div>\t      \n[vc_row_inner][vc_column_inner][vc_column_text css_animation=&#8221;fadeInRight&#8221;]<\/p>\n<h2 style=\"text-align: center;\"><span style=\"font-size: 18pt;\"><strong>HAUTE SAISON<\/strong><\/span><\/h2>\n<p style=\"text-align: center;\"><em>(Mars \u00e0 Novembre &#8211; Semaine et Week-end)<\/em><strong><br \/>\n<\/strong><\/p>\n<p>&nbsp;<\/p>\n<p style=\"text-align: center;\"><span style=\"font-size: 18pt;\">Individuel : <strong>47,00 \u20ac<\/strong><\/span><\/p>\n<p>&nbsp;<\/p>\n<p style=\"text-align: center;\"><span style=\"font-size: 18pt;\">Jeune (- 25 ans) : <strong>31,00 \u20ac<\/strong><\/span><\/p>\n<h2 style=\"text-align: center;\"><span style=\"font-size: 18pt;\"><strong>BASSE SAISON<\/strong><\/span><\/h2>\n<p style=\"text-align: center;\">(D\u00e9cembre \u00e0 F\u00e9vrier<em> &#8211; Semaine et Week-end<\/em>)<\/p>\n<p>&nbsp;<\/p>\n<p style=\"text-align: center;\"><span style=\"font-size: 18pt;\">Individuel : <strong>38,00 \u20ac<\/strong><\/span><\/p>\n<p>&nbsp;<\/p>\n<p style=\"text-align: center;\"><span style=\"font-size: 18pt;\">Jeune (- 25 ans) : <strong>24,00 \u20ac<\/strong><\/span><\/p>\n<p>&nbsp;<\/p>\n<p>[\/vc_column_text][\/vc_column_inner][\/vc_row_inner]\t<!-- Element: OT Line solid --> \t \n\t<div class=\" separator\"><span><i class=\"fa fa-circle\"><\/i><\/span><\/div>\n\t<div class=\"spacer-single\"><\/div>\t      \n[\/vc_column][\/vc_row][vc_row][vc_column width=&#8221;1\/2&#8243;][vc_single_image image=&#8221;5169&#8243; img_size=&#8221;large&#8221; css_animation=&#8221;fadeIn&#8221;][\/vc_column][vc_column width=&#8221;1\/2&#8243;][vc_single_image image=&#8221;5170&#8243; img_size=&#8221;large&#8221; css_animation=&#8221;fadeIn&#8221;][\/vc_column][\/vc_row][vc_row fullwidth=&#8221;yes&#8221; archi_parallax=&#8221;yes&#8221; css=&#8221;.vc_custom_1588772770531{background-image: url(http:\/\/www.golf-chanalets.fr\/base\/wp-content\/uploads\/2020\/05\/FOND-noir-Golf-001.jpg?id=8146) !important;background-position: center !important;background-repeat: no-repeat !important;background-size: cover !important;}&#8221;][vc_column animate=&#8221;fadeinup&#8221;][vc_empty_space][vc_column_text]<\/p>\n<h2 style=\"text-align: center;\"><span style=\"font-size: 36pt;\">Compact Semaine ou Week-End<\/span><\/h2>\n<p>[\/vc_column_text]\t<!-- Element: OT Line solid --> \t \n\t<div class=\" separator\"><span><i class=\"fa fa-circle\"><\/i><\/span><\/div>\n\t<div class=\"spacer-single\"><\/div>\t      \n[vc_row_inner][vc_column_inner][vc_column_text css_animation=&#8221;fadeInRight&#8221;]<\/p>\n<p style=\"text-align: center;\"><span style=\"font-size: 18pt;\">Adulte : <strong>13,00 \u20ac<\/strong><\/span><\/p>\n<p>&nbsp;<\/p>\n<p style=\"text-align: center;\"><span style=\"font-size: 18pt;\">Jeune (-18 ans) : <strong>9,00 \u20ac<\/strong><\/span><\/p>\n<p>&nbsp;<\/p>\n<p style=\"text-align: center;\"><span style=\"font-size: 18pt;\">Avec acc\u00e8s aux zones d&#8217;entrainement ou d&#8217;approche<\/span><\/p>\n<p>[\/vc_column_text][\/vc_column_inner][\/vc_row_inner]\t<!-- Element: OT Line solid --> \t \n\t<div class=\" separator\"><span><i class=\"fa fa-circle\"><\/i><\/span><\/div>\n\t<div class=\"spacer-single\"><\/div>\t      \n[\/vc_column][\/vc_row][vc_row][vc_column width=&#8221;1\/2&#8243;][vc_single_image image=&#8221;5171&#8243; img_size=&#8221;large&#8221; css_animation=&#8221;fadeIn&#8221;][\/vc_column][vc_column width=&#8221;1\/2&#8243;][vc_single_image image=&#8221;5172&#8243; img_size=&#8221;large&#8221; css_animation=&#8221;fadeIn&#8221;][\/vc_column][\/vc_row][vc_row fullwidth=&#8221;yes&#8221; archi_parallax=&#8221;yes&#8221; css=&#8221;.vc_custom_1588772779102{background-image: url(http:\/\/www.golf-chanalets.fr\/base\/wp-content\/uploads\/2020\/05\/FOND-noir-Golf-001.jpg?id=8146) !important;background-position: center !important;background-repeat: no-repeat !important;background-size: cover !important;}&#8221;][vc_column animate=&#8221;fadeinup&#8221;][vc_empty_space][vc_column_text]<\/p>\n<h2 style=\"text-align: center;\"><span style=\"font-size: 36pt;\">Locations<\/span><\/h2>\n<p>[\/vc_column_text]\t<!-- Element: OT Line solid --> \t \n\t<div class=\" separator\"><span><i class=\"fa fa-circle\"><\/i><\/span><\/div>\n\t<div class=\"spacer-single\"><\/div>\t      \n[vc_column_text css_animation=&#8221;fadeInLeft&#8221;]<\/p>\n<p style=\"text-align: center;\"><span style=\"font-size: 18pt;\">Voiturette 9 trous : <strong>22,00 \u20ac<br \/>\n<\/strong><\/span><\/p>\n<p>&nbsp;<\/p>\n<p style=\"text-align: center;\"><span style=\"font-size: 18pt;\">Voiturette 18 trous : <strong>36,00 \u20ac<\/strong><\/span><\/p>\n<p>&nbsp;<\/p>\n<p style=\"text-align: center;\"><span style=\"font-size: 18pt;\">Chariot \u00e9lectrique 18 trous: <strong>16,00\u20ac<\/strong><\/span><\/p>\n<p>&nbsp;<\/p>\n<p style=\"text-align: center;\"><span style=\"font-size: 18pt;\">Chariot \u00e9lectrique 9 trous: <strong>11,00\u20ac<\/strong><\/span><\/p>\n<p>&nbsp;<\/p>\n<p style=\"text-align: center;\"><span style=\"font-size: 18pt;\">Chariot manuel : <strong>7,00 \u20ac<\/strong><\/span><\/p>\n<p>&nbsp;<\/p>\n<p style=\"text-align: center;\"><span style=\"font-size: 18pt;\">Sac \u00bd S\u00e9rie : <strong>12,00 \u20ac<\/strong><\/span><\/p>\n<p>&nbsp;<\/p>\n<p style=\"text-align: center;\"><span style=\"font-size: 18pt;\">2 Clubs : 7<strong>,00 \u20ac<\/strong><\/span><\/p>\n<p>[\/vc_column_text]\t<!-- Element: OT Line solid --> \t \n\t<div class=\" separator\"><span><i class=\"fa fa-circle\"><\/i><\/span><\/div>\n\t<div class=\"spacer-single\"><\/div>\t      \n[\/vc_column][\/vc_row][vc_row][vc_column width=&#8221;1\/2&#8243;][vc_single_image image=&#8221;5173&#8243; img_size=&#8221;large&#8221; css_animation=&#8221;fadeIn&#8221;][\/vc_column][vc_column width=&#8221;1\/2&#8243;][vc_single_image image=&#8221;5174&#8243; img_size=&#8221;large&#8221; css_animation=&#8221;fadeIn&#8221;][\/vc_column][\/vc_row][vc_row fullwidth=&#8221;yes&#8221; archi_parallax=&#8221;yes&#8221; css=&#8221;.vc_custom_1588772788203{background-image: url(http:\/\/www.golf-chanalets.fr\/base\/wp-content\/uploads\/2020\/05\/FOND-noir-Golf-001.jpg?id=8146) !important;background-position: center !important;background-repeat: no-repeat !important;background-size: cover !important;}&#8221;][vc_column animate=&#8221;fadeinup&#8221;][vc_empty_space][vc_column_text]<\/p>\n<h2 style=\"text-align: center;\"><span style=\"font-size: 36pt;\">Carnets de Green Fees<br \/>\n<\/span><\/h2>\n<p>[\/vc_column_text]\t<!-- Element: OT Line solid --> \t \n\t<div class=\" separator\"><span><i class=\"fa fa-circle\"><\/i><\/span><\/div>\n\t<div class=\"spacer-single\"><\/div>\t      \n[vc_row_inner][vc_column_inner][vc_column_text css_animation=&#8221;fadeInLeft&#8221;]<\/p>\n<p style=\"text-align: center;\"><span style=\"font-size: 18pt;\">CARNET DE <strong>30 CASES<\/strong> :<strong> 384,00 \u20ac &#8211; <\/strong>Valable 6 mois<\/span><\/p>\n<p>&nbsp;<\/p>\n<p style=\"text-align: center;\"><span style=\"font-size: 18pt;\">CARNET DE <strong>60 CASES<\/strong> : <strong>689,00 \u20ac &#8211; <\/strong>Valable 9 mois<\/span><\/p>\n<p>&nbsp;<\/p>\n<p style=\"text-align: center;\"><span style=\"font-size: 18pt;\">CARNET DE <strong>90 CASES<\/strong> : <strong>885,00 \u20ac &#8211; <\/strong>Valable 12 mois<\/span><\/p>\n<p>&nbsp;<\/p>\n<p>&nbsp;<\/p>\n<p style=\"text-align: center;\"><span style=\"font-size: 18pt;\"><strong>9 trous : 3 cases\u00a0\u00a0\u00a0\u00a0\u00a0\u00a0\u00a0\u00a0\u00a0\u00a0\u00a0\u00a0\u00a0\u00a0\u00a0\u00a0\u00a0\u00a0\u00a0\u00a0\u00a0\u00a0\u00a0\u00a0\u00a0\u00a0\u00a0\u00a0\u00a0\u00a0\u00a0\u00a0\u00a0\u00a0\u00a0\u00a0\u00a0\u00a0\u00a0\u00a0 <\/strong><strong>18 trous: 4 cases<\/strong><\/span><\/p>\n<p>&nbsp;<\/p>\n<p>&nbsp;<\/p>\n<p style=\"text-align: center;\"><span style=\"font-size: 18pt;\">Possibilit\u00e9 de prendre la <strong>carte Classic du r\u00e9seau LeClub golf \u00e0<\/strong> 59\u20ac pour profiter de nombreux avantages<\/span><\/p>\n<p>[\/vc_column_text][\/vc_column_inner][\/vc_row_inner]\t<!-- Element: OT Line solid --> \t \n\t<div class=\" separator\"><span><i class=\"fa fa-circle\"><\/i><\/span><\/div>\n\t<div class=\"spacer-single\"><\/div>\t      \n[\/vc_column][\/vc_row]<\/p>\n","protected":false},"excerpt":{"rendered":"<p>[vc_row fullwidth=&#8221;yes&#8221; archi_parallax=&#8221;yes&#8221; css=&#8221;.vc_custom_1588772752532{background-image: url(http:\/\/www.golf-chanalets.fr\/base\/wp-content\/uploads\/2020\/05\/FOND-noir-Golf-001.jpg?id=8146) !important;background-position: center !important;background-repeat: no-repeat !important;background-size: cover !important;}&#8221;][vc_column animate=&#8221;fadeinup&#8221;][vc_empty_space][vc_column_text] GREEN-FEES Parcours 18 Trous [\/vc_column_text][vc_row_inner][vc_column_inner][vc_column_text css_animation=&#8221;fadeInRight&#8221;] HAUTE SAISON (De Mars \u00e0 Novembre &#8211; Semaine et Week-end) &nbsp; Individuel : 65,00 \u20ac &nbsp; Jeune (- 25 ans) : 37,00 \u20ac &nbsp; BASSE SAISON (De D\u00e9cembre \u00e0 F\u00e9vrier &#8211; Semaine et Week-end) &nbsp; Individuel [&hellip;]<\/p>\n","protected":false},"author":1,"featured_media":0,"parent":0,"menu_order":4,"comment_status":"closed","ping_status":"closed","template":"","meta":{"footnotes":""},"aioseo_notices":[],"_links":{"self":[{"href":"https:\/\/www.golf-chanalets.fr\/base\/wp-json\/wp\/v2\/pages\/50"}],"collection":[{"href":"https:\/\/www.golf-chanalets.fr\/base\/wp-json\/wp\/v2\/pages"}],"about":[{"href":"https:\/\/www.golf-chanalets.fr\/base\/wp-json\/wp\/v2\/types\/page"}],"author":[{"embeddable":true,"href":"https:\/\/www.golf-chanalets.fr\/base\/wp-json\/wp\/v2\/users\/1"}],"replies":[{"embeddable":true,"href":"https:\/\/www.golf-chanalets.fr\/base\/wp-json\/wp\/v2\/comments?post=50"}],"version-history":[{"count":89,"href":"https:\/\/www.golf-chanalets.fr\/base\/wp-json\/wp\/v2\/pages\/50\/revisions"}],"predecessor-version":[{"id":14288,"href":"https:\/\/www.golf-chanalets.fr\/base\/wp-json\/wp\/v2\/pages\/50\/revisions\/14288"}],"wp:attachment":[{"href":"https:\/\/www.golf-chanalets.fr\/base\/wp-json\/wp\/v2\/media?parent=50"}],"curies":[{"name":"wp","href":"https:\/\/api.w.org\/{rel}","templated":true}]}}