{"id":54,"date":"2010-09-17T22:30:25","date_gmt":"2010-09-17T20:30:25","guid":{"rendered":"http:\/\/www.golf-chanalets.fr\/base\/?page_id=54"},"modified":"2025-04-10T14:04:26","modified_gmt":"2025-04-10T12:04:26","slug":"repas-initiation","status":"publish","type":"page","link":"https:\/\/www.golf-chanalets.fr\/base\/repas-initiation\/","title":{"rendered":"SEMINAIRES"},"content":{"rendered":"<p>[vc_row][vc_column][vc_single_image image=&#8221;8071&#8243; img_size=&#8221;large&#8221; css_animation=&#8221;fadeIn&#8221;][\/vc_column][\/vc_row][vc_row fullwidth=&#8221;yes&#8221; archi_parallax=&#8221;yes&#8221; css=&#8221;.vc_custom_1588772762060{background-image: url(http:\/\/www.golf-chanalets.fr\/base\/wp-content\/uploads\/2020\/05\/FOND-noir-Golf-001.jpg?id=8146) !important;background-position: center !important;background-repeat: no-repeat !important;background-size: cover !important;}&#8221;][vc_column animate=&#8221;fadeinup&#8221;][vc_row_inner][vc_column_inner][vc_empty_space][vc_column_text]<\/p>\n<h3 style=\"text-align: center;\"><span style=\"font-size: 18pt;\"><span style=\"color: #99cc00;\">Les Terrasses\u00a0 Des Chanalets<\/span><br \/>\n<\/span><\/h3>\n<h2 style=\"text-align: center;\"><span style=\"font-size: 36pt;\"><span style=\"color: #ff0000;\"><strong>Journ\u00e9e S\u00e9minaire<\/strong><\/span><br \/>\n<\/span><\/h2>\n<p>[\/vc_column_text]\t<!-- Element: OT Line solid --> \t \n\t<div class=\" separator\"><span><i class=\"fa fa-circle\"><\/i><\/span><\/div>\n\t<div class=\"spacer-single\"><\/div>\t      \n[vc_column_text css_animation=&#8221;fadeInRight&#8221; css=&#8221;.vc_custom_1744286656303{padding-right: 30px !important;padding-left: 30px !important;}&#8221;]<\/p>\n<h3 style=\"text-align: center;\"><span style=\"color: #808080;\"><strong>Journ\u00e9e d&#8217;\u00e9tude au Golf \u00e0 45 \u20ac HT\u00a0 par personne<\/strong><\/span><\/h3>\n<p style=\"text-align: center;\"><strong>\u00a0<\/strong><\/p>\n<p style=\"text-align: center;\"><span style=\"color: #99cc00;\"> <strong>La journ\u00e9e d\u2019\u00e9tude comprend<\/strong><strong> :<\/strong><\/span><\/p>\n<p style=\"text-align: center;\">Une salle de r\u00e9union de 50 m2, jusqu&#8217;\u00e0 24 personnes en tour de table ou<\/p>\n<p style=\"text-align: center;\">40 personnes en th\u00e9\u00e2tre<\/p>\n<p style=\"text-align: center;\">Equip\u00e9e d\u2019un \u00e9cran, paperboard et d\u2019une connexion WI-FI, internet 16 postes<\/p>\n<p style=\"text-align: center;\">Eaux min\u00e9rales sur table<\/p>\n<p style=\"text-align: center;\">Caf\u00e9 d\u2019accueil avec viennoiseries, caf\u00e9 et jus de fruit<\/p>\n<p style=\"text-align: center;\">Pause \u00e0 10 heures avec caf\u00e9<\/p>\n<p style=\"text-align: center;\">D\u00e9jeuner complet :entr\u00e9e, plat, dessert, vin\u00a0 et caf\u00e9<\/p>\n<p style=\"text-align: center;\">Pause \u00e0 16 heures avec p\u00e2tisserie maison et caf\u00e9<\/p>\n<p>&nbsp;<\/p>\n<p style=\"text-align: center;\"><span style=\"font-size: 14pt; color: #ff0000;\"><strong>\u00a0<\/strong><\/span><\/p>\n<p>[\/vc_column_text]\t<!-- Element: OT Line solid --> \t \n\t<div class=\" separator\"><span><i class=\"fa fa-circle\"><\/i><\/span><\/div>\n\t<div class=\"spacer-single\"><\/div>\t      \n[vc_column_text css_animation=&#8221;fadeInRight&#8221; css=&#8221;.vc_custom_1590410262536{padding-right: 30px !important;padding-left: 30px !important;}&#8221;]<\/p>\n<p style=\"text-align: center;\"><strong>Nous restons \u00e0 votre disposition pour une organisation diff\u00e9rente de votre journ\u00e9e s\u00e9minaire.<\/strong><\/p>\n<p>[\/vc_column_text]\t<!-- Element: OT Line solid --> \t \n\t<div class=\" separator\"><span><i class=\"fa fa-circle\"><\/i><\/span><\/div>\n\t<div class=\"spacer-single\"><\/div>\t      \n[\/vc_column_inner][\/vc_row_inner][\/vc_column][\/vc_row][vc_row][vc_column][vc_single_image image=&#8221;8302&#8243; img_size=&#8221;large&#8221; css_animation=&#8221;fadeIn&#8221;][\/vc_column][\/vc_row][vc_row fullwidth=&#8221;yes&#8221; archi_parallax=&#8221;yes&#8221; css=&#8221;.vc_custom_1588772762060{background-image: url(http:\/\/www.golf-chanalets.fr\/base\/wp-content\/uploads\/2020\/05\/FOND-noir-Golf-001.jpg?id=8146) !important;background-position: center !important;background-repeat: no-repeat !important;background-size: cover !important;}&#8221;][vc_column animate=&#8221;fadeinup&#8221;][vc_row_inner][vc_column_inner][vc_empty_space][vc_column_text]<\/p>\n<h3 style=\"text-align: center;\"><span style=\"font-size: 18pt;\"><span style=\"color: #99cc00;\">Golf Des Chanalets<\/span><br \/>\n<\/span><\/h3>\n<h2 style=\"text-align: center;\"><span style=\"font-size: 36pt;\">Journ\u00e9e S\u00e9minaire + Initiation<\/span><\/h2>\n<p>[\/vc_column_text]\t<!-- Element: OT Line solid --> \t \n\t<div class=\" separator\"><span><i class=\"fa fa-circle\"><\/i><\/span><\/div>\n\t<div class=\"spacer-single\"><\/div>\t      \n[vc_column_text css_animation=&#8221;fadeInRight&#8221; css=&#8221;.vc_custom_1707489875428{padding-right: 30px !important;padding-left: 30px !important;}&#8221;]<\/p>\n<p style=\"text-align: center;\">Une salle de r\u00e9union de 50 m<sup>2<\/sup> climatis\u00e9e, adapt\u00e9e au nombre de participants, \u00e9quip\u00e9 d\u2019un \u00e9cran, paperboard et d\u2019une connexion WI-FI.<\/p>\n<p style=\"text-align: center;\">Eau min\u00e9rale sur table<\/p>\n<p style=\"text-align: center;\">Caf\u00e9 d\u2019accueil avec viennoiseries, et jus de fruit<\/p>\n<p style=\"text-align: center;\">Pause \u00e0 10 heures avec biscuits, jus de fruit et caf\u00e9<\/p>\n<p style=\"text-align: center;\">Un d\u00e9jeuner avec ap\u00e9ritif, vin en bouteille et caf\u00e9<\/p>\n<p style=\"text-align: center;\">Initiation\u00a0avec un enseignant\u00a0\u2013 voir page pr\u00e9c\u00e9dente<\/p>\n<p style=\"text-align: center;\">Pause \u00e0 16 heures<\/p>\n<h3 style=\"text-align: center;\"><strong>\u00a0<\/strong><\/h3>\n<p style=\"text-align: center;\"><span style=\"color: #99cc00;\"><em><strong>Groupe jusqu&#8217;\u00e0 10 personnes <\/strong><\/em><em><strong>avec un enseignant\u00a0:<\/strong><\/em><\/span><\/p>\n<p style=\"text-align: center;\"><strong>1h d&#8217;initiation: 210\u20ac<\/strong><\/p>\n<p style=\"text-align: center;\"><strong>2 heures d\u2019 initiation: 420\u20ac<br \/>\n<\/strong><\/p>\n<p style=\"text-align: center;\"><strong>\u00a0<\/strong><\/p>\n<p>[\/vc_column_text]\t<!-- Element: OT Line solid --> \t \n\t<div class=\" separator\"><span><i class=\"fa fa-circle\"><\/i><\/span><\/div>\n\t<div class=\"spacer-single\"><\/div>\t      \n[\/vc_column_inner][\/vc_row_inner][\/vc_column][\/vc_row]<\/p>\n","protected":false},"excerpt":{"rendered":"<p>[vc_row][vc_column][vc_single_image image=&#8221;8071&#8243; img_size=&#8221;large&#8221; css_animation=&#8221;fadeIn&#8221;][\/vc_column][\/vc_row][vc_row fullwidth=&#8221;yes&#8221; archi_parallax=&#8221;yes&#8221; css=&#8221;.vc_custom_1588772762060{background-image: url(http:\/\/www.golf-chanalets.fr\/base\/wp-content\/uploads\/2020\/05\/FOND-noir-Golf-001.jpg?id=8146) !important;background-position: center !important;background-repeat: no-repeat !important;background-size: cover !important;}&#8221;][vc_column animate=&#8221;fadeinup&#8221;][vc_row_inner][vc_column_inner][vc_empty_space][vc_column_text] Les Terrasses\u00a0 Des Chanalets Journ\u00e9e S\u00e9minaire [\/vc_column_text][vc_column_text css_animation=&#8221;fadeInRight&#8221; css=&#8221;.vc_custom_1744286656303{padding-right: 30px !important;padding-left: 30px !important;}&#8221;] Journ\u00e9e d&#8217;\u00e9tude au Golf \u00e0 45 \u20ac HT\u00a0 par personne \u00a0 La journ\u00e9e d\u2019\u00e9tude comprend : Une salle de r\u00e9union de 50 m2, jusqu&#8217;\u00e0 24 personnes [&hellip;]<\/p>\n","protected":false},"author":1,"featured_media":0,"parent":0,"menu_order":4,"comment_status":"closed","ping_status":"closed","template":"","meta":{"footnotes":""},"aioseo_notices":[],"_links":{"self":[{"href":"https:\/\/www.golf-chanalets.fr\/base\/wp-json\/wp\/v2\/pages\/54"}],"collection":[{"href":"https:\/\/www.golf-chanalets.fr\/base\/wp-json\/wp\/v2\/pages"}],"about":[{"href":"https:\/\/www.golf-chanalets.fr\/base\/wp-json\/wp\/v2\/types\/page"}],"author":[{"embeddable":true,"href":"https:\/\/www.golf-chanalets.fr\/base\/wp-json\/wp\/v2\/users\/1"}],"replies":[{"embeddable":true,"href":"https:\/\/www.golf-chanalets.fr\/base\/wp-json\/wp\/v2\/comments?post=54"}],"version-history":[{"count":49,"href":"https:\/\/www.golf-chanalets.fr\/base\/wp-json\/wp\/v2\/pages\/54\/revisions"}],"predecessor-version":[{"id":13917,"href":"https:\/\/www.golf-chanalets.fr\/base\/wp-json\/wp\/v2\/pages\/54\/revisions\/13917"}],"wp:attachment":[{"href":"https:\/\/www.golf-chanalets.fr\/base\/wp-json\/wp\/v2\/media?parent=54"}],"curies":[{"name":"wp","href":"https:\/\/api.w.org\/{rel}","templated":true}]}}