{"id":8311,"date":"2020-05-08T18:04:33","date_gmt":"2020-05-08T16:04:33","guid":{"rendered":"http:\/\/www.golf-chanalets.fr\/base\/?page_id=8311"},"modified":"2020-05-08T18:42:16","modified_gmt":"2020-05-08T16:42:16","slug":"mentions-legales","status":"publish","type":"page","link":"https:\/\/www.golf-chanalets.fr\/base\/mentions-legales\/","title":{"rendered":"Mentions l\u00e9gales"},"content":{"rendered":"<p>[vc_row fullwidth=&#8221;yes&#8221; archi_parallax=&#8221;yes&#8221; css=&#8221;.vc_custom_1588772762060{background-image: url(http:\/\/www.golf-chanalets.fr\/base\/wp-content\/uploads\/2020\/05\/FOND-noir-Golf-001.jpg?id=8146) !important;background-position: center !important;background-repeat: no-repeat !important;background-size: cover !important;}&#8221;][vc_column animate=&#8221;fadeinup&#8221;][vc_row_inner][vc_column_inner][vc_empty_space][vc_column_text]<\/p>\n<h3 style=\"text-align: center;\"><span style=\"font-size: 18pt;\"><span style=\"color: #99cc00;\">Golf Des Chanalets<\/span><br \/>\n<\/span><\/h3>\n<h2 style=\"text-align: center;\"><span style=\"font-size: 36pt;\">Mentions l\u00e9gales<br \/>\n<\/span><\/h2>\n<p>[\/vc_column_text]\t<!-- Element: OT Line solid --> \t \n\t<div class=\" separator\"><span><i class=\"fa fa-circle\"><\/i><\/span><\/div>\n\t<div class=\"spacer-single\"><\/div>\t      \n[vc_column_text css=&#8221;.vc_custom_1588956130749{padding-right: 30px !important;padding-left: 30px !important;}&#8221;]<\/p>\n<h2 style=\"text-align: justify;\"><span style=\"color: #99cc00;\">\u00c9diteur et Responsable de la publication<\/span><\/h2>\n<h2 style=\"text-align: justify;\"><span style=\"font-size: small;\"><strong><a class=\"Link\" href=\"https:\/\/dirigeant.societe.com\/dirigeant\/Pascal.ANDRIEU.51268720.html\">M Pascal ANDRIEU <\/a><\/strong><\/span><\/h2>\n<p>Soci\u00e9t\u00e9 \u00e0 responsabilit\u00e9 limit\u00e9e<\/p>\n<p>Le Golf des Chanalets, 1812 Route de l&#8217;Amiral Marc de Joybert &#8211; 26500 Bourg-Les-Valence<\/p>\n<p>Auvergne Rh\u00f4ne-Alpes<\/p>\n<p>&#x260e; 04 75 83 16 23<\/p>\n<p>SIRET : 50206985900010<\/p>\n<p>Activit\u00e9s de clubs de sports (9312Z)<\/p>\n<p style=\"text-align: justify;\"><strong><span style=\"font-size: small;\">Les propos tenus sur ce site ne repr\u00e9sentent que et uniquement l\u2019opinion de leur auteur, et n\u2019engagent pas les soci\u00e9t\u00e9s, entreprises ou collectifs auxquels il contribue ou dont il peut \u00eatre associ\u00e9 ou prestataire.<\/span><\/strong><\/p>\n<h2 style=\"text-align: justify;\"><span style=\"color: #99cc00;\">H\u00e9bergement<\/span><\/h2>\n<p style=\"text-align: justify;\"><span style=\"font-size: small;\">Ce site est h\u00e9berg\u00e9 par <a href=\"https:\/\/www.ionos.fr\" target=\"_blank\" rel=\"noopener noreferrer\">IONOS<\/a> <\/span><\/p>\n<p style=\"text-align: justify;\">1&amp;1 Internet SARL1&amp;1 \/ SARL au capital de 100 000 EUR\u00a0 \/ RCS Sarreguemines B 431 303 775\u00a0 \/ SIRET 431 303 775 000 16<br \/>\n<span style=\"font-size: small;\"> Cet h\u00e9bergeur poss\u00e8de \u00e0 ce jour les \u00e9l\u00e9ments d\u2019identification personnelle me concernant.<\/span><\/p>\n<h2><span style=\"color: #99cc00;\">COOKIES DE MESURE D\u2019AUDIENCE ET DE STATISTIQUES :<\/span><\/h2>\n<p><span style=\"font-size: 13px;\">Ils nous permettent d\u2019\u00e9tablir des statistiques de fr\u00e9quentation et d&#8217;utilisation de ses rubriques et contenus, pour r\u00e9aliser des \u00e9tudes afin d\u2019am\u00e9liorer le contenu (mesure du nombre de visites, de pages vues ou encore de l&#8217;activit\u00e9 des visiteurs sur le site et de leur fr\u00e9quence de retour).<\/span><br \/>\n<span style=\"font-size: 13px;\">Ils nous permettent \u00e9galement d\u2019analyser la navigation des internautes afin d\u2019am\u00e9liorer notre service ou de d\u00e9tecter des dysfonctionnements.<\/span><\/p>\n<p><span style=\"font-size: 13px;\">Plus d&#8217;informations sur les cookies :<\/span><br \/>\n<span style=\"font-size: 13px;\">Les donn\u00e9es collect\u00e9es ne sont pas recoup\u00e9es avec d\u2019autres traitements.<\/span><br \/>\n<span style=\"font-size: 13px;\">Les cookies d\u00e9pos\u00e9s servent \u00e0 la production de statistiques anonymes, et \u00e0 l&#8217;affichage du bandeau, lors de votre premi\u00e8re visite, signalant la pr\u00e9sence de cookies.<\/span><br \/>\n<span style=\"font-size: 13px;\">Les cookies ne permettent pas de suivre la navigation de l\u2019internaute sur d\u2019autres sites.<\/span><\/p>\n<p><span style=\"font-size: 13px;\">Vous pouvez param\u00e9trer votre navigateur afin qu\u2019il vous signale la pr\u00e9sence de cookies et vous propose de les accepter ou non. Le param\u00e9trage des cookies est diff\u00e9rent pour chaque navigateur et en g\u00e9n\u00e9ral d\u00e9crit dans les menus d\u2019aide.<\/span><br \/>\n<span style=\"font-size: 13px;\">Plus d&#8217;informations sur le site de la CNIL : http:\/\/www.cnil.fr\/vos-droits\/vos-traces\/les-cookies\/<\/span><\/p>\n<h2 style=\"text-align: justify;\"><span style=\"color: #99cc00;\">Donn\u00e9es personnelles<\/span><\/h2>\n<p style=\"text-align: justify;\"><span style=\"font-size: small;\">Conform\u00e9ment aux dispositions de la loi n\u00b0 78-17 du 6 janvier 1978 relative \u00e0 l&#8217;informatique, aux fichiers et aux libert\u00e9s, aucune information personnelle n&#8217;est collect\u00e9e \u00e0 votre insu ou c\u00e9d\u00e9e \u00e0 des tiers.<br \/>\nVous disposez d&#8217;un droit d&#8217;acc\u00e8s, de rectification et de suppression sur l\u2019ensemble des donn\u00e9es qui vous concernent. Pour exercer ces droits, vous pouvez \u00e9crire \u00e0 notre service client\u00e8le \u00e0 l\u2019adresse suivante : info@golf-chanalets.com.<\/span><\/p>\n<p style=\"text-align: justify;\"><span style=\"font-size: small;\">Les donn\u00e9es personnelles collect\u00e9es par ce site internet et son blog sont uniquement destin\u00e9es \u00e0 un usage interne. En aucun cas ces donn\u00e9es ne seront c\u00e9d\u00e9es ou vendues \u00e0 des tiers. Seuls les commentaires enregistr\u00e9s sur ce blog donnent lieu \u00e0 un enregistrement des informations de connexion (adresse IP, pseudonyme et \u00e9ventuellement adresse e-mail et site web).<\/span><\/p>\n<h2 style=\"text-align: justify;\"><span style=\"color: #99cc00;\">Conditions d&#8217;utilisation<\/span><\/h2>\n<p style=\"text-align: justify;\"><span style=\"font-size: small;\">Le site internet a \u00e9t\u00e9 r\u00e9alis\u00e9 par la soci\u00e9t\u00e9 Jus2Pom Studio. Ce site utilise la plateforme open source &#8220;<\/span><span style=\"color: #888888;\"><a href=\"http:\/\/www.wordpress-fr.net\/\" target=\"_blank\" rel=\"noopener noreferrer\"><span style=\"color: #888888;\">WordPress<\/span><\/a><\/span><span style=\"font-size: small;\">&#8220;.<\/span><\/p>\n<p style=\"text-align: justify;\"><span style=\"font-size: small;\">La totalit\u00e9 des autres \u00e9l\u00e9ments du pr\u00e9sent site (Textes, photographies, illustrations, logos, vid\u00e9os, bandes sonores, chartes graphique, base de donn\u00e9e figurant sur ce site, fichiers disponibles en t\u00e9l\u00e9chargement &#8230;) sont la propri\u00e9t\u00e9 exclusive de leur(s) auteur(s).<\/span><\/p>\n<p style=\"text-align: justify;\"><span style=\"font-size: small;\">Ces \u00e9l\u00e9ments sont prot\u00e9g\u00e9s par les lois fran\u00e7aises et les textes internationaux relatifs au respect des droits d&#8217;auteur et du copyright.<\/span><\/p>\n<blockquote>\n<p style=\"text-align: left;\"><span style=\"font-size: small;\"><em>L\u2019auteur d\u2019une \u0153uvre de l\u2019esprit jouit sur cette \u0153uvre, du seul fait de sa cr\u00e9ation, d\u2019un droit de propri\u00e9t\u00e9 incorporelle exclusif et opposable \u00e0 tous.Ce droit comporte des attributs d\u2019ordre intellectuel et moral ainsi que des attributs d\u2019ordre patrimonial, qui sont d\u00e9termin\u00e9s par les livres Ier et III du pr\u00e9sent code. L\u2019existence ou la conclusion d\u2019un contrat de louage d\u2019ouvrage ou de service par l\u2019auteur d\u2019une \u0153uvre de l\u2019esprit n\u2019emporte pas d\u00e9rogation \u00e0 la jouissance du droit reconnu par le premier alin\u00e9a, sous r\u00e9serve des exceptions pr\u00e9vues par le pr\u00e9sent code.<\/em><\/span><\/p>\n<\/blockquote>\n<p style=\"text-align: justify;\"><span style=\"font-size: small;\">La reproduction et\/ou la repr\u00e9sentation de ces \u00e9l\u00e9ments n&#8217;est autoris\u00e9e qu&#8217;\u00e0 des fins d&#8217;information pour un usage strictement personnel et priv\u00e9. L&#8217;utilisation commerciale de ces \u00e9l\u00e9ments est interdite sauf \u00e9ventuelle autorisation pr\u00e9alable ou contrat de session de droit avec la soci\u00e9t\u00e9 Golf des chanalets.<\/span><\/p>\n<h2><span style=\"color: #99cc00;\">LIEN VERS D&#8217;AUTRES SITES :<\/span><\/h2>\n<p><span style=\"font-size: 13px;\"><strong>Le golf des chanalets<\/strong> propose sur son site des liens vers des sites tiers. Ces liens sont \u00e9tablis en accord avec les sites concern\u00e9s \u00e0 un moment o\u00f9 <strong>Le golf des chanalets<\/strong> a pu juger opportun de le faire, compte tenu des contenus et services de ces sites. <strong>Le golf des chanalets<\/strong> ne pourra \u00eatre tenue pour responsable du contenu de ces sites et de l&#8217;usage qui pourra en \u00eatre fait par les utilisateurs.<\/span><\/p>\n<h2><span style=\"color: #99cc00;\">PROPRI\u00c9T\u00c9 INTELLECTUELLE :<\/span><\/h2>\n<p><span style=\"font-size: 13px;\">L&#8217;acc\u00e8s au site http:\/\/www.golf-chanalets.fr vous conf\u00e8re un droit d&#8217;usage priv\u00e9 et non exclusif de ce site. Tous les articles, photographies et autres documents pr\u00e9sent\u00e9s sur ce site sont la propri\u00e9t\u00e9 <strong>du golf des chanalets<\/strong>, ou sont reproduits avec l&#8217;autorisation de leurs propri\u00e9taires. L&#8217;utilisation frauduleuse de tout contenu du site Internet est totalement interdite sous peine de poursuite judiciaire.<\/span><\/p>\n<h2 style=\"text-align: justify;\"><span style=\"color: #99cc00;\">Le Blog : Licences, droits de reproduction<\/span><\/h2>\n<p style=\"text-align: justify;\"><span style=\"font-size: small;\">Tous droits r\u00e9serv\u00e9s. La reproduction du contenu du site <strong>Le golf des chanalets<\/strong>, en tout ou en partie, est interdite sans la permission \u00e9crite de l\u2019auteur (sauf mention particuli\u00e8re). Tout autre mat\u00e9riel contenu sur ce site ne nous appartenant pas : photos, textes, images, logos, noms de produits ou marques cit\u00e9es\u2026 est la propri\u00e9t\u00e9 de leurs d\u00e9tenteurs respectifs. Si toutefois, un extrait d&#8217;article pr\u00e9sent dans notre blog posait probl\u00e8me \u00e0 son auteur, nous lui demandons de <strong><a href=\"http:\/\/www.golf-chanalets.fr\/base\/contact\/\">nous contacter<\/a><\/strong>, cet article sera supprim\u00e9 dans les plus brefs d\u00e9lais.<\/span><\/p>\n<h2 style=\"text-align: justify;\"><span style=\"color: #99cc00;\">Conditions de mod\u00e9ration des commentaires du blog<\/span><\/h2>\n<p style=\"text-align: justify;\"><span style=\"font-size: small;\">Les commentaires et trackbacks\/pingback du pr\u00e9sent site sont mod\u00e9r\u00e9 a posteriori. Le non respect de l\u2019une des r\u00e8gles suivantes entra\u00eene la suppression du commentaire ou du trackback\/pingback concern\u00e9 :<\/span><\/p>\n<ul style=\"text-align: justify;\">\n<li><span style=\"font-size: small;\">Commentaires diffamatoires, racistes, pornographiques, p\u00e9dophiles, incitant \u00e0 d\u00e9lit, crimes ou suicides,<\/span><\/li>\n<li><span style=\"font-size: small;\">Commentaires reproduisant une correspondance priv\u00e9e sans l\u2019accord des personnes concern\u00e9es,<\/span><\/li>\n<li><span style=\"font-size: small;\">Commentaires agressifs ou vulgaires,<\/span><\/li>\n<li><span style=\"font-size: small;\">Commentaires visant uniquement \u00e0 mettre en ligne un lien vers un site ext\u00e9rieur (spam de commentaires ou de trackback\/pingback).<\/span><\/li>\n<\/ul>\n<p style=\"text-align: justify;\"><span style=\"font-size: small;\">Les commentaires sont mod\u00e9r\u00e9s a priori. Ne postez pas plusieurs fois votre commentaire si vous ne le voyez pas appara\u00eetre. Merci.<\/span><\/p>\n<p>[\/vc_column_text]\t<!-- Element: OT Line solid --> \t \n\t<div class=\" separator\"><span><i class=\"fa fa-circle\"><\/i><\/span><\/div>\n\t<div class=\"spacer-single\"><\/div>\t      \n[\/vc_column_inner][\/vc_row_inner][\/vc_column][\/vc_row]<\/p>\n","protected":false},"excerpt":{"rendered":"<p>[vc_row fullwidth=&#8221;yes&#8221; archi_parallax=&#8221;yes&#8221; css=&#8221;.vc_custom_1588772762060{background-image: url(http:\/\/www.golf-chanalets.fr\/base\/wp-content\/uploads\/2020\/05\/FOND-noir-Golf-001.jpg?id=8146) !important;background-position: center !important;background-repeat: no-repeat !important;background-size: cover !important;}&#8221;][vc_column animate=&#8221;fadeinup&#8221;][vc_row_inner][vc_column_inner][vc_empty_space][vc_column_text] Golf Des Chanalets Mentions l\u00e9gales [\/vc_column_text][vc_column_text css=&#8221;.vc_custom_1588956130749{padding-right: 30px !important;padding-left: 30px !important;}&#8221;] \u00c9diteur et Responsable de la publication M Pascal ANDRIEU Soci\u00e9t\u00e9 \u00e0 responsabilit\u00e9 limit\u00e9e Le Golf des Chanalets, 1812 Route de l&#8217;Amiral Marc de Joybert &#8211; 26500 Bourg-Les-Valence Auvergne Rh\u00f4ne-Alpes &#x260e; 04 [&hellip;]<\/p>\n","protected":false},"author":1,"featured_media":0,"parent":0,"menu_order":2,"comment_status":"closed","ping_status":"closed","template":"","meta":{"footnotes":""},"aioseo_notices":[],"_links":{"self":[{"href":"https:\/\/www.golf-chanalets.fr\/base\/wp-json\/wp\/v2\/pages\/8311"}],"collection":[{"href":"https:\/\/www.golf-chanalets.fr\/base\/wp-json\/wp\/v2\/pages"}],"about":[{"href":"https:\/\/www.golf-chanalets.fr\/base\/wp-json\/wp\/v2\/types\/page"}],"author":[{"embeddable":true,"href":"https:\/\/www.golf-chanalets.fr\/base\/wp-json\/wp\/v2\/users\/1"}],"replies":[{"embeddable":true,"href":"https:\/\/www.golf-chanalets.fr\/base\/wp-json\/wp\/v2\/comments?post=8311"}],"version-history":[{"count":3,"href":"https:\/\/www.golf-chanalets.fr\/base\/wp-json\/wp\/v2\/pages\/8311\/revisions"}],"predecessor-version":[{"id":8317,"href":"https:\/\/www.golf-chanalets.fr\/base\/wp-json\/wp\/v2\/pages\/8311\/revisions\/8317"}],"wp:attachment":[{"href":"https:\/\/www.golf-chanalets.fr\/base\/wp-json\/wp\/v2\/media?parent=8311"}],"curies":[{"name":"wp","href":"https:\/\/api.w.org\/{rel}","templated":true}]}}