{"id":8376,"date":"2020-05-13T17:10:01","date_gmt":"2020-05-13T15:10:01","guid":{"rendered":"https:\/\/www.golf-chanalets.fr\/base\/?page_id=8376"},"modified":"2026-01-27T12:39:46","modified_gmt":"2026-01-27T11:39:46","slug":"accords-de-reciprocite-2-2","status":"publish","type":"page","link":"https:\/\/www.golf-chanalets.fr\/base\/accords-de-reciprocite-2-2\/","title":{"rendered":"Accords de r\u00e9ciprocit\u00e9"},"content":{"rendered":"<p>[vc_row fullwidth=&#8221;yes&#8221; archi_parallax=&#8221;yes&#8221; css=&#8221;.vc_custom_1588783910073{padding-right: 30px !important;padding-left: 30px !important;background-image: url(http:\/\/www.golf-chanalets.fr\/base\/wp-content\/uploads\/2020\/05\/FOND-noir-Golf-001.jpg?id=8146) !important;background-position: center !important;background-repeat: no-repeat !important;background-size: cover !important;}&#8221;][vc_column animate=&#8221;fadeinup&#8221;][vc_empty_space][vc_column_text]<\/p>\n<h3 style=\"text-align: center;\"><span style=\"font-size: 18pt;\"><span style=\"color: #99cc00;\">Golf Des Chanalets 2025<\/span><\/span><\/h3>\n<h2 style=\"text-align: center;\"><span style=\"font-size: 36pt;\">Accords de r\u00e9ciprocit\u00e9<br \/>\n<\/span><\/h2>\n<p>[\/vc_column_text]\t<!-- Element: OT Line solid --> \t \n\t<div class=\" separator\"><span><i class=\"fa fa-circle\"><\/i><\/span><\/div>\n\t<div class=\"spacer-single\"><\/div>\t      \n[\/vc_column][\/vc_row][vc_row][vc_column][vc_column_text css_animation=&#8221;fadeIn&#8221;]<\/p>\n<p style=\"text-align: center;\"><strong><span style=\"color: #ff0000;\">Sur pr\u00e9sentation de la carte de membre et de la licence FFGolf 2026 membre AS, hors comp\u00e9titions f\u00e9d\u00e9rales et GNTS<\/span> <\/strong><\/p>\n<h2 style=\"text-align: center;\"><span style=\"color: #99cc00;\"><strong>~<span style=\"font-family: 'trebuchet ms', geneva, sans-serif;\"> Carte LeClub :<\/span> <a href=\"http:\/\/www.leclub-golf.com\" target=\"_blank\" rel=\"noopener noreferrer\">www.leclub-golf.com<\/a> ~<\/strong><\/span><\/h2>\n<p>&nbsp;<\/p>\n<p style=\"text-align: center;\"><span style=\"font-family: 'trebuchet ms', geneva, sans-serif; font-size: 14pt;\">Membres avec la carte Gold, gratuit\u00e9 dans les clubs:<\/span><\/p>\n<p style=\"text-align: center;\"><span style=\"font-family: 'trebuchet ms', geneva, sans-serif; font-size: 14pt;\">Ugolf Mionnay, Chassieux, Uriage, M\u00e2con La Salle, Orl\u00e9ans-Donnery, La Manchette et Orl\u00e9ans Lim\u00e8re<br \/>\n<\/span><\/p>\n<p>&nbsp;<\/p>\n<p style=\"text-align: center;\"><span style=\"font-family: 'trebuchet ms', geneva, sans-serif; font-size: 14pt;\">Carte<em><strong> LeCLub <\/strong><strong><em>G<\/em>old<\/strong><\/em>, <em>uniquement pour les membres<\/em>\u00a0:<\/span><\/p>\n<p style=\"text-align: center;\"><span style=\"font-family: 'trebuchet ms', geneva, sans-serif;\">Possibilit\u00e9 de jouer jusqu&#8217;\u00e0 50% sur vos GF sur pr\u00e8s de 350 golfs en France et \u00e0 l&#8217;\u00e9tranger.<\/span><\/p>\n<p>[\/vc_column_text][\/vc_column][\/vc_row][vc_row][vc_column]\t<!-- Element: OT Line solid --> \t \n\t<div class=\" separator\"><span><i class=\"fa fa-circle\"><\/i><\/span><\/div>\n\t<div class=\"spacer-single\"><\/div>\t      \n[\/vc_column][\/vc_row][vc_row][vc_column width=&#8221;1\/4&#8243;][vc_column_text css_animation=&#8221;fadeInLeft&#8221;]<\/p>\n<h2 style=\"text-align: left;\"><span style=\"color: #99cc00;\">D\u00e9partement 26<\/span><\/h2>\n<p>[\/vc_column_text][\/vc_column][vc_column width=&#8221;3\/4&#8243;][vc_column_text css_animation=&#8221;fadeInRight&#8221;]<\/p>\n<h3>Golf Club de Valence Saint Didier<\/h3>\n<p>&#8211; 25%<\/p>\n<p>Tel: 04 75 59 67 01<\/p>\n<p>&nbsp;<\/p>\n<h3>Golf de la Valdaine<\/h3>\n<p>&#8211; 20%<\/p>\n<p>Tel: 04 75 00 71 30<\/p>\n<p>&nbsp;<\/p>\n<h3>Golf de la Dr\u00f4me Proven\u00e7ale<\/h3>\n<p>LeClub Gold: &#8211; 50%<\/p>\n<p>LeClub Classic: &#8211; 20%<\/p>\n<p>T\u00e9l : 04 75 98 57 03<\/p>\n<p>&nbsp;<\/p>\n<h3>Easy Golf de Montmeyran<\/h3>\n<p>-30% sur pr\u00e9sentation de la carte LeClub Gold<\/p>\n<p>T\u00e9l : 04 75 59 48 18<\/p>\n<p>&nbsp;<\/p>\n<p>[\/vc_column_text]\t<!-- Element: OT Line solid --> \t \n\t<div class=\" separator\"><span><i class=\"fa fa-circle\"><\/i><\/span><\/div>\n\t<div class=\"spacer-single\"><\/div>\t      \n[\/vc_column][\/vc_row][vc_row][vc_column width=&#8221;1\/4&#8243;][vc_column_text css_animation=&#8221;fadeInLeft&#8221;]<\/p>\n<h2><span style=\"color: #00ff00;\">D\u00e9partement 07<\/span><\/h2>\n<p>[\/vc_column_text][\/vc_column][vc_column width=&#8221;3\/4&#8243;][vc_column_text css_animation=&#8221;fadeInRight&#8221;]<\/p>\n<h3>Golf du Domaine de Saint-Clair<\/h3>\n<p>-25%\u00a0 ou 2GF achet\u00e9s le 3\u00e8me offert<\/p>\n<p>T\u00e9l : 04 75 67 24 23<\/p>\n<p>[\/vc_column_text][vc_column_text css_animation=&#8221;fadeInRight&#8221;]<\/p>\n<h3>Golf de Bournet<\/h3>\n<p>-20%<\/p>\n<p>T\u00e9l : 04 75 95 09 72<\/p>\n<p>[\/vc_column_text]\t<!-- Element: OT Line solid --> \t \n\t<div class=\" separator\"><span><i class=\"fa fa-circle\"><\/i><\/span><\/div>\n\t<div class=\"spacer-single\"><\/div>\t      \n[\/vc_column][\/vc_row][vc_row][vc_column width=&#8221;1\/4&#8243;][vc_column_text css_animation=&#8221;fadeInLeft&#8221;]<\/p>\n<h2 style=\"text-align: left;\"><span style=\"color: #99cc00;\">D\u00e9partement 84<\/span><\/h2>\n<p>[\/vc_column_text][\/vc_column][vc_column width=&#8221;3\/4&#8243;][vc_column_text css_animation=&#8221;fadeInRight&#8221;]<\/p>\n<h3>Golf du Grand Avignon<\/h3>\n<p>-50% les 1ers et 3\u00e8mes jeudi du mois<\/p>\n<p>-25% les autres jours<\/p>\n<p>T\u00e9l : 04 90 31 49 94<\/p>\n<p>&nbsp;<\/p>\n<p>[\/vc_column_text]\t<!-- Element: OT Line solid --> \t \n\t<div class=\" separator\"><span><i class=\"fa fa-circle\"><\/i><\/span><\/div>\n\t<div class=\"spacer-single\"><\/div>\t      \n[\/vc_column][\/vc_row][vc_row][vc_column width=&#8221;1\/4&#8243;][vc_column_text css_animation=&#8221;fadeInLeft&#8221;]<\/p>\n<h2 style=\"text-align: left;\"><span style=\"color: #99cc00;\">D\u00e9partement 43<\/span><\/h2>\n<p>[\/vc_column_text][vc_row_inner][vc_column_inner][\/vc_column_inner][\/vc_row_inner][\/vc_column][vc_column width=&#8221;3\/4&#8243;][vc_column_text css_animation=&#8221;fadeInRight&#8221;]<\/p>\n<h3>Golf du Chambon sur Lignon<\/h3>\n<ul>\n<li>&#8211; 20 %<\/li>\n<\/ul>\n<p>T\u00e9l : 04 71 59 28 10<\/p>\n<p>&nbsp;<\/p>\n<p>[\/vc_column_text][vc_row_inner][vc_column_inner]\t<!-- Element: OT Line solid --> \t \n\t<div class=\" separator\"><span><i class=\"fa fa-circle\"><\/i><\/span><\/div>\n\t<div class=\"spacer-single\"><\/div>\t      \n[\/vc_column_inner][\/vc_row_inner][\/vc_column][\/vc_row][vc_row][vc_column width=&#8221;1\/4&#8243;][vc_column_text css_animation=&#8221;fadeInLeft&#8221;]<\/p>\n<h2 style=\"text-align: left;\"><span style=\"color: #99cc00;\">D\u00e9partement 01<\/span><\/h2>\n<p>[\/vc_column_text][\/vc_column][vc_column width=&#8221;3\/4&#8243;][vc_column_text css_animation=&#8221;fadeInRight&#8221;]<\/p>\n<h3>Golf du Clou<\/h3>\n<p>-20%<\/p>\n<p>T\u00e9l : 04 74 98 19 65<\/p>\n<h3>\u00a0<\/h3>\n<h3>Jiva Hill<\/h3>\n<p>9 trous semaine: 30\u20ac au lieu de 35\u20ac<\/p>\n<p>9 trous WE &amp; Jours f\u00e9ri\u00e9s: 34\u20ac au lieu de 40\u20ac<\/p>\n<p>18 trous semaine: 39\u20ac au lieu de 45\u20ac<\/p>\n<p>18 trous WE &amp; Jours f\u00e9ri\u00e9s: 47\u20ac au lieu 55\u20ac<\/p>\n<p>T\u00e9l : 04 50 28 48 09<\/p>\n<p>&nbsp;<\/p>\n<p>&nbsp;<\/p>\n<h3>Golf du Haut Bugey<\/h3>\n<p>&#8211; 20%<\/p>\n<p>Tel: 06 71 16 93 69<\/p>\n<p>[\/vc_column_text]\t<!-- Element: OT Line solid --> \t \n\t<div class=\" separator\"><span><i class=\"fa fa-circle\"><\/i><\/span><\/div>\n\t<div class=\"spacer-single\"><\/div>\t      \n[\/vc_column][\/vc_row][vc_row][vc_column width=&#8221;1\/4&#8243;][vc_column_text css_animation=&#8221;fadeInLeft&#8221;]<\/p>\n<h2 style=\"text-align: left;\"><span style=\"color: #99cc00;\">D\u00e9partement 74<\/span><\/h2>\n<p>[\/vc_column_text][\/vc_column][vc_column width=&#8221;3\/4&#8243;][vc_column_text css_animation=&#8221;fadeInRight&#8221;]<\/p>\n<h3>Golf du Lac d&#8217;Annecy<\/h3>\n<p>58 \u20ac (65 \u20ac) WE et jours f\u00e9ri\u00e9s\u00a0: 71 \u20ac ( 79 \u20ac)<\/p>\n<p>(2 avril au 12 mai et du 7 octobre au 3 novembre 2024)<\/p>\n<p>Tous les jours : 71 \u20ac au lieu de 79 \u20ac (du 13 mai au 6 octobre 2024)<\/p>\n<p>T\u00e9l : 04 50 60 12 89<\/p>\n<p>&nbsp;<\/p>\n<h3>Golf du Mornex<\/h3>\n<p>20\u20ac au lieu de 25\u20ac en semaine<\/p>\n<p>22\u20ac au lieu de 27\u20ac le week-end et jours f\u00e9ri\u00e9s<\/p>\n<p>Tel: 04 50 36 58 20<\/p>\n<p>&nbsp;<\/p>\n<p>[\/vc_column_text]\t<!-- Element: OT Line solid --> \t \n\t<div class=\" separator\"><span><i class=\"fa fa-circle\"><\/i><\/span><\/div>\n\t<div class=\"spacer-single\"><\/div>\t      \n[\/vc_column][\/vc_row][vc_row][vc_column width=&#8221;1\/4&#8243;][vc_column_text css_animation=&#8221;fadeInLeft&#8221;]<\/p>\n<h2 style=\"text-align: left;\"><span style=\"color: #99cc00;\">D\u00e9partement 71<\/span><\/h2>\n<p>[\/vc_column_text][\/vc_column][vc_column width=&#8221;3\/4&#8243;][vc_column_text css_animation=&#8221;fadeInRight&#8221;]<\/p>\n<h3>Golf du Ch\u00e2teau d&#8217;Avoise<\/h3>\n<p>-25%<\/p>\n<p>T\u00e9l : 03 85 78 19 19<\/p>\n<p>[\/vc_column_text][\/vc_column][\/vc_row][vc_row][vc_column width=&#8221;1\/4&#8243;][vc_column_text css_animation=&#8221;fadeInLeft&#8221;]<\/p>\n<h2 style=\"text-align: left;\"><span style=\"color: #99cc00;\">D\u00e9partement 03<\/span><\/h2>\n<p>[\/vc_column_text][\/vc_column][vc_column width=&#8221;3\/4&#8243;][vc_column_text css_animation=&#8221;fadeInRight&#8221;]<\/p>\n<h3>Golf de Vichy For\u00eat Montpensier<\/h3>\n<p>47\u20ac au lieu de 62\u20ac<\/p>\n<p>35\u20ac au lieu de 45\u20ac (basse saison du 16\/11 au 28\/02)<\/p>\n<p>T\u00e9l : 04 70 56 31 00<\/p>\n<p>[\/vc_column_text][\/vc_column][\/vc_row][vc_row][vc_column width=&#8221;1\/4&#8243;][vc_column_text css_animation=&#8221;fadeInLeft&#8221;]<\/p>\n<h2 style=\"text-align: left;\"><span style=\"color: #99cc00;\">D\u00e9partement 63<\/span><\/h2>\n<p>[\/vc_column_text][\/vc_column][vc_column width=&#8221;3\/4&#8243;][vc_column_text css_animation=&#8221;fadeInRight&#8221;]<\/p>\n<h3>Golf de Royat Charade<\/h3>\n<p>29\u20ac au lieu 42\u20ac<\/p>\n<p>[\/vc_column_text][\/vc_column][\/vc_row][vc_row][vc_column width=&#8221;1\/4&#8243;][vc_column_text css_animation=&#8221;fadeInLeft&#8221;]<\/p>\n<h2 style=\"text-align: left;\"><span style=\"color: #99cc00;\">D\u00e9partement 42<\/span><\/h2>\n<p>[\/vc_column_text][\/vc_column][vc_column width=&#8221;3\/4&#8243;][vc_column_text css_animation=&#8221;fadeInRight&#8221;]<\/p>\n<h3>Golf du Forez<\/h3>\n<p>-20%<\/p>\n<p>04 77 30 86 85<\/p>\n<p>[\/vc_column_text][\/vc_column][\/vc_row]<\/p>\n","protected":false},"excerpt":{"rendered":"<p>[vc_row fullwidth=&#8221;yes&#8221; archi_parallax=&#8221;yes&#8221; css=&#8221;.vc_custom_1588783910073{padding-right: 30px !important;padding-left: 30px !important;background-image: url(http:\/\/www.golf-chanalets.fr\/base\/wp-content\/uploads\/2020\/05\/FOND-noir-Golf-001.jpg?id=8146) !important;background-position: center !important;background-repeat: no-repeat !important;background-size: cover !important;}&#8221;][vc_column animate=&#8221;fadeinup&#8221;][vc_empty_space][vc_column_text] Golf Des Chanalets 2025 Accords de r\u00e9ciprocit\u00e9 [\/vc_column_text][\/vc_column][\/vc_row][vc_row][vc_column][vc_column_text css_animation=&#8221;fadeIn&#8221;] Sur pr\u00e9sentation de la carte de membre et de la licence FFGolf 2026 membre AS, hors comp\u00e9titions f\u00e9d\u00e9rales et GNTS ~ Carte LeClub : www.leclub-golf.com ~ &nbsp; Membres avec [&hellip;]<\/p>\n","protected":false},"author":1,"featured_media":0,"parent":0,"menu_order":2,"comment_status":"closed","ping_status":"closed","template":"","meta":{"footnotes":""},"aioseo_notices":[],"_links":{"self":[{"href":"https:\/\/www.golf-chanalets.fr\/base\/wp-json\/wp\/v2\/pages\/8376"}],"collection":[{"href":"https:\/\/www.golf-chanalets.fr\/base\/wp-json\/wp\/v2\/pages"}],"about":[{"href":"https:\/\/www.golf-chanalets.fr\/base\/wp-json\/wp\/v2\/types\/page"}],"author":[{"embeddable":true,"href":"https:\/\/www.golf-chanalets.fr\/base\/wp-json\/wp\/v2\/users\/1"}],"replies":[{"embeddable":true,"href":"https:\/\/www.golf-chanalets.fr\/base\/wp-json\/wp\/v2\/comments?post=8376"}],"version-history":[{"count":45,"href":"https:\/\/www.golf-chanalets.fr\/base\/wp-json\/wp\/v2\/pages\/8376\/revisions"}],"predecessor-version":[{"id":14265,"href":"https:\/\/www.golf-chanalets.fr\/base\/wp-json\/wp\/v2\/pages\/8376\/revisions\/14265"}],"wp:attachment":[{"href":"https:\/\/www.golf-chanalets.fr\/base\/wp-json\/wp\/v2\/media?parent=8376"}],"curies":[{"name":"wp","href":"https:\/\/api.w.org\/{rel}","templated":true}]}}